{"id":8,"date":"2024-01-12T00:16:17","date_gmt":"2024-01-11T23:16:17","guid":{"rendered":"https:\/\/rl-technique-toiture.com\/?page_id=8"},"modified":"2025-11-03T16:20:26","modified_gmt":"2025-11-03T15:20:26","slug":"contact","status":"publish","type":"page","link":"https:\/\/rl-technique-toiture.com\/index.php\/contact\/","title":{"rendered":"Contact"},"content":{"rendered":"\t\t<div data-elementor-type=\"wp-page\" data-elementor-id=\"8\" class=\"elementor elementor-8\">\n\t\t\t\t<div class=\"elementor-element elementor-element-f588083 e-flex e-con-boxed e-con e-parent\" data-id=\"f588083\" data-element_type=\"container\" data-e-type=\"container\">\n\t\t\t\t\t<div class=\"e-con-inner\">\n\t\t\t\t<div class=\"elementor-element elementor-element-17ebf39 elementor-widget elementor-widget-heading\" data-id=\"17ebf39\" data-element_type=\"widget\" data-e-type=\"widget\" data-widget_type=\"heading.default\">\n\t\t\t\t<div class=\"elementor-widget-container\">\n\t\t\t\t\t<h2 class=\"elementor-heading-title elementor-size-default\">Contactez-nous<\/h2>\t\t\t\t<\/div>\n\t\t\t\t<\/div>\n\t\t\t\t<div class=\"elementor-element elementor-element-c95f846 elementor-widget-divider--view-line elementor-widget elementor-widget-divider\" data-id=\"c95f846\" data-element_type=\"widget\" data-e-type=\"widget\" data-widget_type=\"divider.default\">\n\t\t\t\t<div class=\"elementor-widget-container\">\n\t\t\t\t\t\t\t<div class=\"elementor-divider\">\n\t\t\t<span class=\"elementor-divider-separator\">\n\t\t\t\t\t\t<\/span>\n\t\t<\/div>\n\t\t\t\t\t\t<\/div>\n\t\t\t\t<\/div>\n\t\t\t\t\t<\/div>\n\t\t\t\t<\/div>\n\t\t<div class=\"elementor-element elementor-element-403c87a3 e-flex e-con-boxed e-con e-parent\" data-id=\"403c87a3\" data-element_type=\"container\" data-e-type=\"container\">\n\t\t\t\t\t<div class=\"e-con-inner\">\n\t\t<div class=\"elementor-element elementor-element-3f4e169d e-flex e-con-boxed e-con e-child\" data-id=\"3f4e169d\" data-element_type=\"container\" data-e-type=\"container\">\n\t\t\t\t\t<div class=\"e-con-inner\">\n\t\t\t\t<div class=\"elementor-element elementor-element-2c731819 elementor-button-align-stretch elementor-widget elementor-widget-form\" data-id=\"2c731819\" data-element_type=\"widget\" data-e-type=\"widget\" data-settings=\"{&quot;step_next_label&quot;:&quot;Next&quot;,&quot;step_previous_label&quot;:&quot;Previous&quot;,&quot;button_width&quot;:&quot;100&quot;,&quot;step_type&quot;:&quot;number_text&quot;,&quot;step_icon_shape&quot;:&quot;circle&quot;}\" data-widget_type=\"form.default\">\n\t\t\t\t<div class=\"elementor-widget-container\">\n\t\t\t\t\t\t\t<form class=\"elementor-form\" method=\"post\" name=\"Formulaire de contact\">\n\t\t\t<input type=\"hidden\" name=\"post_id\" value=\"8\"\/>\n\t\t\t<input type=\"hidden\" name=\"form_id\" value=\"2c731819\"\/>\n\t\t\t<input type=\"hidden\" name=\"referer_title\" value=\"\" \/>\n\n\t\t\t\n\t\t\t<div class=\"elementor-form-fields-wrapper elementor-labels-\">\n\t\t\t\t\t\t\t\t<div class=\"elementor-field-type-text elementor-field-group elementor-column elementor-field-group-name elementor-col-50 elementor-field-required\">\n\t\t\t\t\t\t\t\t\t\t\t\t\t<input size=\"1\" type=\"text\" name=\"form_fields[name]\" id=\"form-field-name\" class=\"elementor-field elementor-size-sm  elementor-field-textual\" placeholder=\"Votre nom * \" required=\"required\" aria-required=\"true\">\n\t\t\t\t\t\t\t\t\t\t\t<\/div>\n\t\t\t\t\t\t\t\t<div class=\"elementor-field-type-text elementor-field-group elementor-column elementor-field-group-field_633dfb9 elementor-col-50\">\n\t\t\t\t\t\t\t\t\t\t\t\t\t<input size=\"1\" type=\"text\" name=\"form_fields[field_633dfb9]\" id=\"form-field-field_633dfb9\" class=\"elementor-field elementor-size-sm  elementor-field-textual\" placeholder=\"Votre Pr\u00e9nom *\">\n\t\t\t\t\t\t\t\t\t\t\t<\/div>\n\t\t\t\t\t\t\t\t<div class=\"elementor-field-type-email elementor-field-group elementor-column elementor-field-group-email elementor-col-100 elementor-field-required\">\n\t\t\t\t\t\t\t\t\t\t\t\t<label for=\"form-field-email\" class=\"elementor-field-label elementor-screen-only\">\n\t\t\t\t\t\t\t\tE-mail\t\t\t\t\t\t\t<\/label>\n\t\t\t\t\t\t\t\t\t\t\t\t\t\t<input size=\"1\" type=\"email\" name=\"form_fields[email]\" id=\"form-field-email\" class=\"elementor-field elementor-size-sm  elementor-field-textual\" placeholder=\"E-mail\" required=\"required\" aria-required=\"true\">\n\t\t\t\t\t\t\t\t\t\t\t<\/div>\n\t\t\t\t\t\t\t\t<div class=\"elementor-field-type-text elementor-field-group elementor-column elementor-field-group-field_42e57fd elementor-col-100\">\n\t\t\t\t\t\t\t\t\t\t\t\t\t<input size=\"1\" type=\"text\" name=\"form_fields[field_42e57fd]\" id=\"form-field-field_42e57fd\" class=\"elementor-field elementor-size-sm  elementor-field-textual\" placeholder=\"Sujet * \">\n\t\t\t\t\t\t\t\t\t\t\t<\/div>\n\t\t\t\t\t\t\t\t<div class=\"elementor-field-type-textarea elementor-field-group elementor-column elementor-field-group-message elementor-col-100\">\n\t\t\t\t\t<textarea class=\"elementor-field-textual elementor-field  elementor-size-sm\" name=\"form_fields[message]\" id=\"form-field-message\" rows=\"6\" placeholder=\"Message *\"><\/textarea>\t\t\t\t<\/div>\n\t\t\t\t\t\t\t\t<div class=\"elementor-field-group elementor-column elementor-field-type-submit elementor-col-100 e-form__buttons\">\n\t\t\t\t\t<button type=\"submit\" class=\"elementor-button elementor-size-sm\">\n\t\t\t\t\t\t<span >\n\t\t\t\t\t\t\t\t\t\t\t\t\t\t\t<span class=\" elementor-button-icon\">\n\t\t\t\t\t\t\t\t\t\t\t\t\t\t\t\t\t\t\t\t\t\t\t\t\t\t<\/span>\n\t\t\t\t\t\t\t\t\t\t\t\t\t\t\t\t\t\t\t\t\t\t<span class=\"elementor-button-text\">Envoyer<\/span>\n\t\t\t\t\t\t\t\t\t\t\t\t\t<\/span>\n\t\t\t\t\t<\/button>\n\t\t\t\t<\/div>\n\t\t\t<\/div>\n\t\t<\/form>\n\t\t\t\t\t\t<\/div>\n\t\t\t\t<\/div>\n\t\t\t\t\t<\/div>\n\t\t\t\t<\/div>\n\t\t\t\t\t<\/div>\n\t\t\t\t<\/div>\n\t\t<div class=\"elementor-element elementor-element-932dcba e-flex e-con-boxed e-con e-parent\" data-id=\"932dcba\" data-element_type=\"container\" data-e-type=\"container\">\n\t\t\t\t\t<div class=\"e-con-inner\">\n\t\t<div class=\"elementor-element elementor-element-0f25264 e-con-full e-flex e-con e-child\" data-id=\"0f25264\" data-element_type=\"container\" data-e-type=\"container\">\n\t\t\t\t<div class=\"elementor-element elementor-element-e009d78 elementor-widget elementor-widget-spacer\" data-id=\"e009d78\" data-element_type=\"widget\" data-e-type=\"widget\" data-widget_type=\"spacer.default\">\n\t\t\t\t<div class=\"elementor-widget-container\">\n\t\t\t\t\t\t\t<div class=\"elementor-spacer\">\n\t\t\t<div class=\"elementor-spacer-inner\"><\/div>\n\t\t<\/div>\n\t\t\t\t\t\t<\/div>\n\t\t\t\t<\/div>\n\t\t\t\t<\/div>\n\t\t<div class=\"elementor-element elementor-element-af99b83 e-con-full e-flex e-con e-child\" data-id=\"af99b83\" data-element_type=\"container\" data-e-type=\"container\">\n\t\t\t\t<div class=\"elementor-element elementor-element-38bcad2 elementor-view-framed elementor-position-inline-start elementor-shape-circle elementor-mobile-position-block-start elementor-widget elementor-widget-icon-box\" data-id=\"38bcad2\" data-element_type=\"widget\" data-e-type=\"widget\" data-widget_type=\"icon-box.default\">\n\t\t\t\t<div class=\"elementor-widget-container\">\n\t\t\t\t\t\t\t<div class=\"elementor-icon-box-wrapper\">\n\n\t\t\t\t\t\t<div class=\"elementor-icon-box-icon\">\n\t\t\t\t<span  class=\"elementor-icon\">\n\t\t\t\t<svg xmlns=\"http:\/\/www.w3.org\/2000\/svg\" height=\"24\" viewBox=\"0 -960 960 960\" width=\"24\"><path d=\"M480-480q33 0 56.5-23.5T560-560q0-33-23.5-56.5T480-640q-33 0-56.5 23.5T400-560q0 33 23.5 56.5T480-480Zm0 294q122-112 181-203.5T720-552q0-109-69.5-178.5T480-800q-101 0-170.5 69.5T240-552q0 71 59 162.5T480-186Zm0 106Q319-217 239.5-334.5T160-552q0-150 96.5-239T480-880q127 0 223.5 89T800-552q0 100-79.5 217.5T480-80Zm0-480Z\"><\/path><\/svg>\t\t\t\t<\/span>\n\t\t\t<\/div>\n\t\t\t\n\t\t\t\t\t\t<div class=\"elementor-icon-box-content\">\n\n\t\t\t\t\t\t\t\t\t<h3 class=\"elementor-icon-box-title\">\n\t\t\t\t\t\t<span  >\n\t\t\t\t\t\t\tAdresse \t\t\t\t\t\t<\/span>\n\t\t\t\t\t<\/h3>\n\t\t\t\t\n\t\t\t\t\t\t\t\t\t<p class=\"elementor-icon-box-description\">\n\t\t\t\t\t\tChemin de Kergoulinet 29100 DOUARNENEZ\t\t\t\t\t<\/p>\n\t\t\t\t\n\t\t\t<\/div>\n\t\t\t\n\t\t<\/div>\n\t\t\t\t\t\t<\/div>\n\t\t\t\t<\/div>\n\t\t\t\t<\/div>\n\t\t<div class=\"elementor-element elementor-element-5f4fb5b e-con-full e-flex e-con e-child\" data-id=\"5f4fb5b\" data-element_type=\"container\" data-e-type=\"container\">\n\t\t\t\t<div class=\"elementor-element elementor-element-923dee7 elementor-view-framed elementor-position-inline-start elementor-shape-circle elementor-mobile-position-block-start elementor-widget elementor-widget-icon-box\" data-id=\"923dee7\" data-element_type=\"widget\" data-e-type=\"widget\" data-widget_type=\"icon-box.default\">\n\t\t\t\t<div class=\"elementor-widget-container\">\n\t\t\t\t\t\t\t<div class=\"elementor-icon-box-wrapper\">\n\n\t\t\t\t\t\t<div class=\"elementor-icon-box-icon\">\n\t\t\t\t<span  class=\"elementor-icon\">\n\t\t\t\t<svg aria-hidden=\"true\" class=\"e-font-icon-svg e-fas-mobile-alt\" viewBox=\"0 0 320 512\" xmlns=\"http:\/\/www.w3.org\/2000\/svg\"><path d=\"M272 0H48C21.5 0 0 21.5 0 48v416c0 26.5 21.5 48 48 48h224c26.5 0 48-21.5 48-48V48c0-26.5-21.5-48-48-48zM160 480c-17.7 0-32-14.3-32-32s14.3-32 32-32 32 14.3 32 32-14.3 32-32 32zm112-108c0 6.6-5.4 12-12 12H60c-6.6 0-12-5.4-12-12V60c0-6.6 5.4-12 12-12h200c6.6 0 12 5.4 12 12v312z\"><\/path><\/svg>\t\t\t\t<\/span>\n\t\t\t<\/div>\n\t\t\t\n\t\t\t\t\t\t<div class=\"elementor-icon-box-content\">\n\n\t\t\t\t\t\t\t\t\t<h3 class=\"elementor-icon-box-title\">\n\t\t\t\t\t\t<span  >\n\t\t\t\t\t\t\tNous contacter\t\t\t\t\t\t<\/span>\n\t\t\t\t\t<\/h3>\n\t\t\t\t\n\t\t\t\t\t\t\t\t\t<p class=\"elementor-icon-box-description\">\n\t\t\t\t\t\ttechniquerl@gmail.com <br> +33 06 02 33 29 24\t\t\t\t\t<\/p>\n\t\t\t\t\n\t\t\t<\/div>\n\t\t\t\n\t\t<\/div>\n\t\t\t\t\t\t<\/div>\n\t\t\t\t<\/div>\n\t\t\t\t<\/div>\n\t\t<div class=\"elementor-element elementor-element-51c702c e-con-full e-flex e-con e-child\" data-id=\"51c702c\" data-element_type=\"container\" data-e-type=\"container\">\n\t\t\t\t<div class=\"elementor-element elementor-element-b064437 elementor-widget elementor-widget-spacer\" data-id=\"b064437\" data-element_type=\"widget\" data-e-type=\"widget\" data-widget_type=\"spacer.default\">\n\t\t\t\t<div class=\"elementor-widget-container\">\n\t\t\t\t\t\t\t<div class=\"elementor-spacer\">\n\t\t\t<div class=\"elementor-spacer-inner\"><\/div>\n\t\t<\/div>\n\t\t\t\t\t\t<\/div>\n\t\t\t\t<\/div>\n\t\t\t\t<\/div>\n\t\t\t\t\t<\/div>\n\t\t\t\t<\/div>\n\t\t<div class=\"elementor-element elementor-element-670d509 e-flex e-con-boxed e-con e-parent\" data-id=\"670d509\" data-element_type=\"container\" data-e-type=\"container\">\n\t\t\t\t\t<div class=\"e-con-inner\">\n\t\t<div class=\"elementor-element elementor-element-fb07522 e-con-full e-flex e-con e-child\" data-id=\"fb07522\" data-element_type=\"container\" data-e-type=\"container\">\n\t\t\t\t<div class=\"elementor-element elementor-element-cf4185f elementor-widget elementor-widget-google_maps\" data-id=\"cf4185f\" data-element_type=\"widget\" data-e-type=\"widget\" data-widget_type=\"google_maps.default\">\n\t\t\t\t<div class=\"elementor-widget-container\">\n\t\t\t\t\t\t\t<div class=\"elementor-custom-embed\">\n\t\t\t<iframe loading=\"lazy\"\n\t\t\t\t\tsrc=\"https:\/\/maps.google.com\/maps?q=Chemin%20de%20Kergoulinet%2029100%20DOUARNENEZ&#038;t=m&#038;z=10&#038;output=embed&#038;iwloc=near\"\n\t\t\t\t\ttitle=\"Chemin de Kergoulinet 29100 DOUARNENEZ\"\n\t\t\t\t\taria-label=\"Chemin de Kergoulinet 29100 DOUARNENEZ\"\n\t\t\t><\/iframe>\n\t\t<\/div>\n\t\t\t\t\t\t<\/div>\n\t\t\t\t<\/div>\n\t\t\t\t<\/div>\n\t\t\t\t\t<\/div>\n\t\t\t\t<\/div>\n\t\t\t\t<\/div>\n\t\t","protected":false},"excerpt":{"rendered":"<p>Contactez-nous Adresse Chemin de Kergoulinet 29100 DOUARNENEZ Nous contacter techniquerl@gmail.com +33 06 02 33 29 24<\/p>\n","protected":false},"author":1,"featured_media":533,"parent":0,"menu_order":0,"comment_status":"closed","ping_status":"closed","template":"","meta":{"site-sidebar-layout":"no-sidebar","site-content-layout":"","ast-site-content-layout":"full-width-container","site-content-style":"default","site-sidebar-style":"default","ast-global-header-display":"","ast-banner-title-visibility":"","ast-main-header-display":"","ast-hfb-above-header-display":"","ast-hfb-below-header-display":"","ast-hfb-mobile-header-display":"","site-post-title":"disabled","ast-breadcrumbs-content":"","ast-featured-img":"disabled","footer-sml-layout":"","ast-disable-related-posts":"","theme-transparent-header-meta":"","adv-header-id-meta":"","stick-header-meta":"","header-above-stick-meta":"","header-main-stick-meta":"","header-below-stick-meta":"","astra-migrate-meta-layouts":"default","ast-page-background-enabled":"default","ast-page-background-meta":{"desktop":{"background-color":"var(--ast-global-color-4)","background-image":"","background-repeat":"repeat","background-position":"center center","background-size":"auto","background-attachment":"scroll","background-type":"","background-media":"","overlay-type":"","overlay-color":"","overlay-opacity":"","overlay-gradient":""},"tablet":{"background-color":"","background-image":"","background-repeat":"repeat","background-position":"center center","background-size":"auto","background-attachment":"scroll","background-type":"","background-media":"","overlay-type":"","overlay-color":"","overlay-opacity":"","overlay-gradient":""},"mobile":{"background-color":"","background-image":"","background-repeat":"repeat","background-position":"center center","background-size":"auto","background-attachment":"scroll","background-type":"","background-media":"","overlay-type":"","overlay-color":"","overlay-opacity":"","overlay-gradient":""}},"ast-content-background-meta":{"desktop":{"background-color":"var(--ast-global-color-5)","background-image":"","background-repeat":"repeat","background-position":"center center","background-size":"auto","background-attachment":"scroll","background-type":"","background-media":"","overlay-type":"","overlay-color":"","overlay-opacity":"","overlay-gradient":""},"tablet":{"background-color":"var(--ast-global-color-5)","background-image":"","background-repeat":"repeat","background-position":"center center","background-size":"auto","background-attachment":"scroll","background-type":"","background-media":"","overlay-type":"","overlay-color":"","overlay-opacity":"","overlay-gradient":""},"mobile":{"background-color":"var(--ast-global-color-5)","background-image":"","background-repeat":"repeat","background-position":"center center","background-size":"auto","background-attachment":"scroll","background-type":"","background-media":"","overlay-type":"","overlay-color":"","overlay-opacity":"","overlay-gradient":""}},"footnotes":""},"class_list":["post-8","page","type-page","status-publish","has-post-thumbnail","hentry"],"yoast_head":"<!-- This site is optimized with the Yoast SEO plugin v27.0 - https:\/\/yoast.com\/product\/yoast-seo-wordpress\/ -->\n<title>Contact RL Technique Toiture | Couvreur \u00e0 Douarnenez<\/title>\n<meta name=\"description\" content=\"Contactez RL Technique Toiture \u00e0 Douarnenez pour un devis gratuit. R\u00e9ponse rapide pour tous vos projets de toiture, charpente ou zinguerie.\" \/>\n<meta name=\"robots\" content=\"index, follow, max-snippet:-1, max-image-preview:large, max-video-preview:-1\" \/>\n<link rel=\"canonical\" href=\"https:\/\/rl-technique-toiture.com\/index.php\/contact\/\" \/>\n<meta property=\"og:locale\" content=\"fr_FR\" \/>\n<meta property=\"og:type\" content=\"article\" \/>\n<meta property=\"og:title\" content=\"Contact RL Technique Toiture | Couvreur \u00e0 Douarnenez\" \/>\n<meta property=\"og:description\" content=\"Contactez RL Technique Toiture \u00e0 Douarnenez pour un devis gratuit. R\u00e9ponse rapide pour tous vos projets de toiture, charpente ou zinguerie.\" \/>\n<meta property=\"og:url\" content=\"https:\/\/rl-technique-toiture.com\/index.php\/contact\/\" \/>\n<meta property=\"article:modified_time\" content=\"2025-11-03T15:20:26+00:00\" \/>\n<meta property=\"og:image\" content=\"https:\/\/rl-technique-toiture.com\/wp-content\/uploads\/2024\/03\/WhatsApp-Image-2024-03-20-at-21.31.13.jpeg\" \/>\n\t<meta property=\"og:image:width\" content=\"720\" \/>\n\t<meta property=\"og:image:height\" content=\"1015\" \/>\n\t<meta property=\"og:image:type\" content=\"image\/jpeg\" \/>\n<meta name=\"twitter:card\" content=\"summary_large_image\" \/>\n<meta name=\"twitter:label1\" content=\"Dur\u00e9e de lecture estim\u00e9e\" \/>\n\t<meta name=\"twitter:data1\" content=\"1 minute\" \/>\n<script type=\"application\/ld+json\" class=\"yoast-schema-graph\">{\"@context\":\"https:\/\/schema.org\",\"@graph\":[{\"@type\":\"WebPage\",\"@id\":\"https:\/\/rl-technique-toiture.com\/index.php\/contact\/\",\"url\":\"https:\/\/rl-technique-toiture.com\/index.php\/contact\/\",\"name\":\"Contact RL Technique Toiture | Couvreur \u00e0 Douarnenez\",\"isPartOf\":{\"@id\":\"https:\/\/rl-technique-toiture.com\/#website\"},\"primaryImageOfPage\":{\"@id\":\"https:\/\/rl-technique-toiture.com\/index.php\/contact\/#primaryimage\"},\"image\":{\"@id\":\"https:\/\/rl-technique-toiture.com\/index.php\/contact\/#primaryimage\"},\"thumbnailUrl\":\"https:\/\/rl-technique-toiture.com\/wp-content\/uploads\/2024\/03\/WhatsApp-Image-2024-03-20-at-21.31.13.jpeg\",\"datePublished\":\"2024-01-11T23:16:17+00:00\",\"dateModified\":\"2025-11-03T15:20:26+00:00\",\"description\":\"Contactez RL Technique Toiture \u00e0 Douarnenez pour un devis gratuit. R\u00e9ponse rapide pour tous vos projets de toiture, charpente ou zinguerie.\",\"breadcrumb\":{\"@id\":\"https:\/\/rl-technique-toiture.com\/index.php\/contact\/#breadcrumb\"},\"inLanguage\":\"fr-FR\",\"potentialAction\":[{\"@type\":\"ReadAction\",\"target\":[\"https:\/\/rl-technique-toiture.com\/index.php\/contact\/\"]}]},{\"@type\":\"ImageObject\",\"inLanguage\":\"fr-FR\",\"@id\":\"https:\/\/rl-technique-toiture.com\/index.php\/contact\/#primaryimage\",\"url\":\"https:\/\/rl-technique-toiture.com\/wp-content\/uploads\/2024\/03\/WhatsApp-Image-2024-03-20-at-21.31.13.jpeg\",\"contentUrl\":\"https:\/\/rl-technique-toiture.com\/wp-content\/uploads\/2024\/03\/WhatsApp-Image-2024-03-20-at-21.31.13.jpeg\",\"width\":720,\"height\":1015},{\"@type\":\"BreadcrumbList\",\"@id\":\"https:\/\/rl-technique-toiture.com\/index.php\/contact\/#breadcrumb\",\"itemListElement\":[{\"@type\":\"ListItem\",\"position\":1,\"name\":\"Accueil\",\"item\":\"https:\/\/rl-technique-toiture.com\/\"},{\"@type\":\"ListItem\",\"position\":2,\"name\":\"Contact\"}]},{\"@type\":\"WebSite\",\"@id\":\"https:\/\/rl-technique-toiture.com\/#website\",\"url\":\"https:\/\/rl-technique-toiture.com\/\",\"name\":\"RL TECHNIQUE TOITURE\",\"description\":\"\",\"publisher\":{\"@id\":\"https:\/\/rl-technique-toiture.com\/#organization\"},\"potentialAction\":[{\"@type\":\"SearchAction\",\"target\":{\"@type\":\"EntryPoint\",\"urlTemplate\":\"https:\/\/rl-technique-toiture.com\/?s={search_term_string}\"},\"query-input\":{\"@type\":\"PropertyValueSpecification\",\"valueRequired\":true,\"valueName\":\"search_term_string\"}}],\"inLanguage\":\"fr-FR\"},{\"@type\":\"Organization\",\"@id\":\"https:\/\/rl-technique-toiture.com\/#organization\",\"name\":\"RL TECHNIQUE TOITURE\",\"url\":\"https:\/\/rl-technique-toiture.com\/\",\"logo\":{\"@type\":\"ImageObject\",\"inLanguage\":\"fr-FR\",\"@id\":\"https:\/\/rl-technique-toiture.com\/#\/schema\/logo\/image\/\",\"url\":\"https:\/\/rl-technique-toiture.com\/wp-content\/uploads\/2024\/01\/cropped-Rl_Technique_Toiture_2-removebg-preview.png\",\"contentUrl\":\"https:\/\/rl-technique-toiture.com\/wp-content\/uploads\/2024\/01\/cropped-Rl_Technique_Toiture_2-removebg-preview.png\",\"width\":500,\"height\":500,\"caption\":\"RL TECHNIQUE TOITURE\"},\"image\":{\"@id\":\"https:\/\/rl-technique-toiture.com\/#\/schema\/logo\/image\/\"}}]}<\/script>\n<!-- \/ Yoast SEO plugin. -->","yoast_head_json":{"title":"Contact RL Technique Toiture | Couvreur \u00e0 Douarnenez","description":"Contactez RL Technique Toiture \u00e0 Douarnenez pour un devis gratuit. R\u00e9ponse rapide pour tous vos projets de toiture, charpente ou zinguerie.","robots":{"index":"index","follow":"follow","max-snippet":"max-snippet:-1","max-image-preview":"max-image-preview:large","max-video-preview":"max-video-preview:-1"},"canonical":"https:\/\/rl-technique-toiture.com\/index.php\/contact\/","og_locale":"fr_FR","og_type":"article","og_title":"Contact RL Technique Toiture | Couvreur \u00e0 Douarnenez","og_description":"Contactez RL Technique Toiture \u00e0 Douarnenez pour un devis gratuit. R\u00e9ponse rapide pour tous vos projets de toiture, charpente ou zinguerie.","og_url":"https:\/\/rl-technique-toiture.com\/index.php\/contact\/","article_modified_time":"2025-11-03T15:20:26+00:00","og_image":[{"width":720,"height":1015,"url":"https:\/\/rl-technique-toiture.com\/wp-content\/uploads\/2024\/03\/WhatsApp-Image-2024-03-20-at-21.31.13.jpeg","type":"image\/jpeg"}],"twitter_card":"summary_large_image","twitter_misc":{"Dur\u00e9e de lecture estim\u00e9e":"1 minute"},"schema":{"@context":"https:\/\/schema.org","@graph":[{"@type":"WebPage","@id":"https:\/\/rl-technique-toiture.com\/index.php\/contact\/","url":"https:\/\/rl-technique-toiture.com\/index.php\/contact\/","name":"Contact RL Technique Toiture | Couvreur \u00e0 Douarnenez","isPartOf":{"@id":"https:\/\/rl-technique-toiture.com\/#website"},"primaryImageOfPage":{"@id":"https:\/\/rl-technique-toiture.com\/index.php\/contact\/#primaryimage"},"image":{"@id":"https:\/\/rl-technique-toiture.com\/index.php\/contact\/#primaryimage"},"thumbnailUrl":"https:\/\/rl-technique-toiture.com\/wp-content\/uploads\/2024\/03\/WhatsApp-Image-2024-03-20-at-21.31.13.jpeg","datePublished":"2024-01-11T23:16:17+00:00","dateModified":"2025-11-03T15:20:26+00:00","description":"Contactez RL Technique Toiture \u00e0 Douarnenez pour un devis gratuit. R\u00e9ponse rapide pour tous vos projets de toiture, charpente ou zinguerie.","breadcrumb":{"@id":"https:\/\/rl-technique-toiture.com\/index.php\/contact\/#breadcrumb"},"inLanguage":"fr-FR","potentialAction":[{"@type":"ReadAction","target":["https:\/\/rl-technique-toiture.com\/index.php\/contact\/"]}]},{"@type":"ImageObject","inLanguage":"fr-FR","@id":"https:\/\/rl-technique-toiture.com\/index.php\/contact\/#primaryimage","url":"https:\/\/rl-technique-toiture.com\/wp-content\/uploads\/2024\/03\/WhatsApp-Image-2024-03-20-at-21.31.13.jpeg","contentUrl":"https:\/\/rl-technique-toiture.com\/wp-content\/uploads\/2024\/03\/WhatsApp-Image-2024-03-20-at-21.31.13.jpeg","width":720,"height":1015},{"@type":"BreadcrumbList","@id":"https:\/\/rl-technique-toiture.com\/index.php\/contact\/#breadcrumb","itemListElement":[{"@type":"ListItem","position":1,"name":"Accueil","item":"https:\/\/rl-technique-toiture.com\/"},{"@type":"ListItem","position":2,"name":"Contact"}]},{"@type":"WebSite","@id":"https:\/\/rl-technique-toiture.com\/#website","url":"https:\/\/rl-technique-toiture.com\/","name":"RL TECHNIQUE TOITURE","description":"","publisher":{"@id":"https:\/\/rl-technique-toiture.com\/#organization"},"potentialAction":[{"@type":"SearchAction","target":{"@type":"EntryPoint","urlTemplate":"https:\/\/rl-technique-toiture.com\/?s={search_term_string}"},"query-input":{"@type":"PropertyValueSpecification","valueRequired":true,"valueName":"search_term_string"}}],"inLanguage":"fr-FR"},{"@type":"Organization","@id":"https:\/\/rl-technique-toiture.com\/#organization","name":"RL TECHNIQUE TOITURE","url":"https:\/\/rl-technique-toiture.com\/","logo":{"@type":"ImageObject","inLanguage":"fr-FR","@id":"https:\/\/rl-technique-toiture.com\/#\/schema\/logo\/image\/","url":"https:\/\/rl-technique-toiture.com\/wp-content\/uploads\/2024\/01\/cropped-Rl_Technique_Toiture_2-removebg-preview.png","contentUrl":"https:\/\/rl-technique-toiture.com\/wp-content\/uploads\/2024\/01\/cropped-Rl_Technique_Toiture_2-removebg-preview.png","width":500,"height":500,"caption":"RL TECHNIQUE TOITURE"},"image":{"@id":"https:\/\/rl-technique-toiture.com\/#\/schema\/logo\/image\/"}}]}},"_links":{"self":[{"href":"https:\/\/rl-technique-toiture.com\/index.php\/wp-json\/wp\/v2\/pages\/8","targetHints":{"allow":["GET"]}}],"collection":[{"href":"https:\/\/rl-technique-toiture.com\/index.php\/wp-json\/wp\/v2\/pages"}],"about":[{"href":"https:\/\/rl-technique-toiture.com\/index.php\/wp-json\/wp\/v2\/types\/page"}],"author":[{"embeddable":true,"href":"https:\/\/rl-technique-toiture.com\/index.php\/wp-json\/wp\/v2\/users\/1"}],"replies":[{"embeddable":true,"href":"https:\/\/rl-technique-toiture.com\/index.php\/wp-json\/wp\/v2\/comments?post=8"}],"version-history":[{"count":41,"href":"https:\/\/rl-technique-toiture.com\/index.php\/wp-json\/wp\/v2\/pages\/8\/revisions"}],"predecessor-version":[{"id":587,"href":"https:\/\/rl-technique-toiture.com\/index.php\/wp-json\/wp\/v2\/pages\/8\/revisions\/587"}],"wp:featuredmedia":[{"embeddable":true,"href":"https:\/\/rl-technique-toiture.com\/index.php\/wp-json\/wp\/v2\/media\/533"}],"wp:attachment":[{"href":"https:\/\/rl-technique-toiture.com\/index.php\/wp-json\/wp\/v2\/media?parent=8"}],"curies":[{"name":"wp","href":"https:\/\/api.w.org\/{rel}","templated":true}]}}