{"id":343,"date":"2024-01-12T20:29:54","date_gmt":"2024-01-12T19:29:54","guid":{"rendered":"https:\/\/rl-technique-toiture.com\/?page_id=343"},"modified":"2025-11-03T16:41:13","modified_gmt":"2025-11-03T15:41:13","slug":"maconnerie","status":"publish","type":"page","link":"https:\/\/rl-technique-toiture.com\/index.php\/maconnerie\/","title":{"rendered":"Ma\u00e7onnerie"},"content":{"rendered":"\t\t<div data-elementor-type=\"wp-page\" data-elementor-id=\"343\" class=\"elementor elementor-343\">\n\t\t\t\t<div class=\"elementor-element elementor-element-e60f5b2 e-flex e-con-boxed e-con e-parent\" data-id=\"e60f5b2\" data-element_type=\"container\" data-e-type=\"container\">\n\t\t\t\t\t<div class=\"e-con-inner\">\n\t\t\t\t<div class=\"elementor-element elementor-element-e4bc7b4 elementor-widget elementor-widget-heading\" data-id=\"e4bc7b4\" data-element_type=\"widget\" data-e-type=\"widget\" data-widget_type=\"heading.default\">\n\t\t\t\t<div class=\"elementor-widget-container\">\n\t\t\t\t\t<h2 class=\"elementor-heading-title elementor-size-default\">Petits travaux de ma\u00e7onnerie<\/h2>\t\t\t\t<\/div>\n\t\t\t\t<\/div>\n\t\t\t\t<div class=\"elementor-element elementor-element-ff29ddf elementor-widget-divider--view-line elementor-widget elementor-widget-divider\" data-id=\"ff29ddf\" data-element_type=\"widget\" data-e-type=\"widget\" data-widget_type=\"divider.default\">\n\t\t\t\t<div class=\"elementor-widget-container\">\n\t\t\t\t\t\t\t<div class=\"elementor-divider\">\n\t\t\t<span class=\"elementor-divider-separator\">\n\t\t\t\t\t\t<\/span>\n\t\t<\/div>\n\t\t\t\t\t\t<\/div>\n\t\t\t\t<\/div>\n\t\t\t\t<div class=\"elementor-element elementor-element-28ed7e6 elementor-widget elementor-widget-text-editor\" data-id=\"28ed7e6\" data-element_type=\"widget\" data-e-type=\"widget\" data-widget_type=\"text-editor.default\">\n\t\t\t\t<div class=\"elementor-widget-container\">\n\t\t\t\t\t\t\t\t\t<p data-start=\"799\" data-end=\"1228\">Besoin d\u2019un professionnel pour vos <strong data-start=\"834\" data-end=\"866\">petits travaux de ma\u00e7onnerie<\/strong> ? RL Technique Toiture met \u00e0 votre service son savoir-faire pour concr\u00e9tiser vos projets.<br data-start=\"956\" data-end=\"959\" \/>Nous r\u00e9alisons tous types de <strong data-start=\"988\" data-end=\"1050\">r\u00e9parations, restaurations et poses de pierre ou de brique<\/strong>, avec soin et pr\u00e9cision.<br data-start=\"1075\" data-end=\"1078\" \/>Nous intervenons \u00e0 Douarnenez, Pouldergat, Le Juch, Poullan-sur-Mer et dans <strong data-start=\"1078\" data-end=\"1175\">tout le Finist\u00e8re<\/strong> pour des travaux solides, esth\u00e9tiques et durables.<\/p>\t\t\t\t\t\t\t\t<\/div>\n\t\t\t\t<\/div>\n\t\t\t\t\t<\/div>\n\t\t\t\t<\/div>\n\t\t<div class=\"elementor-element elementor-element-7a2e6c0 e-flex e-con-boxed e-con e-parent\" data-id=\"7a2e6c0\" data-element_type=\"container\" data-e-type=\"container\">\n\t\t\t\t\t<div class=\"e-con-inner\">\n\t\t<div class=\"elementor-element elementor-element-57b2d2f e-con-full e-flex e-con e-child\" data-id=\"57b2d2f\" data-element_type=\"container\" data-e-type=\"container\">\n\t\t\t\t<div class=\"elementor-element elementor-element-49a93ec elementor-widget elementor-widget-image\" data-id=\"49a93ec\" data-element_type=\"widget\" data-e-type=\"widget\" data-widget_type=\"image.default\">\n\t\t\t\t<div class=\"elementor-widget-container\">\n\t\t\t\t\t\t\t\t\t\t\t\t\t\t\t<img fetchpriority=\"high\" decoding=\"async\" width=\"600\" height=\"600\" src=\"https:\/\/rl-technique-toiture.com\/wp-content\/uploads\/2024\/01\/maconnerie.png\" class=\"attachment-large size-large wp-image-219\" alt=\"\" srcset=\"https:\/\/rl-technique-toiture.com\/wp-content\/uploads\/2024\/01\/maconnerie.png 600w, https:\/\/rl-technique-toiture.com\/wp-content\/uploads\/2024\/01\/maconnerie-300x300.png 300w, https:\/\/rl-technique-toiture.com\/wp-content\/uploads\/2024\/01\/maconnerie-150x150.png 150w\" sizes=\"(max-width: 600px) 100vw, 600px\" \/>\t\t\t\t\t\t\t\t\t\t\t\t\t\t\t<\/div>\n\t\t\t\t<\/div>\n\t\t\t\t<\/div>\n\t\t<div class=\"elementor-element elementor-element-f73b21d e-con-full e-flex e-con e-child\" data-id=\"f73b21d\" data-element_type=\"container\" data-e-type=\"container\">\n\t\t\t\t<div class=\"elementor-element elementor-element-4733ebf elementor-position-inline-start elementor-view-default elementor-mobile-position-block-start elementor-widget elementor-widget-icon-box\" data-id=\"4733ebf\" data-element_type=\"widget\" data-e-type=\"widget\" data-widget_type=\"icon-box.default\">\n\t\t\t\t<div class=\"elementor-widget-container\">\n\t\t\t\t\t\t\t<div class=\"elementor-icon-box-wrapper\">\n\n\t\t\t\t\t\t<div class=\"elementor-icon-box-icon\">\n\t\t\t\t<span  class=\"elementor-icon\">\n\t\t\t\t<svg xmlns=\"http:\/\/www.w3.org\/2000\/svg\" height=\"24\" viewBox=\"0 -960 960 960\" width=\"24\"><path d=\"M756-120 537-339l84-84 219 219-84 84Zm-552 0-84-84 276-276-68-68-28 28-51-51v82l-28 28-121-121 28-28h82l-50-50 142-142q20-20 43-29t47-9q24 0 47 9t43 29l-92 92 50 50-28 28 68 68 90-90q-4-11-6.5-23t-2.5-24q0-59 40.5-99.5T701-841q15 0 28.5 3t27.5 9l-99 99 72 72 99-99q7 14 9.5 27.5T841-701q0 59-40.5 99.5T701-561q-12 0-24-2t-23-7L204-120Z\"><\/path><\/svg>\t\t\t\t<\/span>\n\t\t\t<\/div>\n\t\t\t\n\t\t\t\t\t\t<div class=\"elementor-icon-box-content\">\n\n\t\t\t\t\t\t\t\t\t<h3 class=\"elementor-icon-box-title\">\n\t\t\t\t\t\t<span  >\n\t\t\t\t\t\t\tR\u00e9parations de Fa\u00e7ade\t\t\t\t\t\t<\/span>\n\t\t\t\t\t<\/h3>\n\t\t\t\t\n\t\t\t\t\t\t\t\t\t<p class=\"elementor-icon-box-description\">\n\t\t\t\t\t\tNos services de ma\u00e7onnerie comprennent des r\u00e9parations de fa\u00e7ade pour restaurer l'int\u00e9grit\u00e9 structurelle de votre b\u00e2timent. Nous traitons les fissures, les \u00e9clats et les d\u00e9gradations, pr\u00e9servant ainsi l'aspect ext\u00e9rieur de votre propri\u00e9t\u00e9.\t\t\t\t\t<\/p>\n\t\t\t\t\n\t\t\t<\/div>\n\t\t\t\n\t\t<\/div>\n\t\t\t\t\t\t<\/div>\n\t\t\t\t<\/div>\n\t\t\t\t<div class=\"elementor-element elementor-element-3681cb0 elementor-position-inline-start elementor-view-default elementor-mobile-position-block-start elementor-widget elementor-widget-icon-box\" data-id=\"3681cb0\" data-element_type=\"widget\" data-e-type=\"widget\" data-widget_type=\"icon-box.default\">\n\t\t\t\t<div class=\"elementor-widget-container\">\n\t\t\t\t\t\t\t<div class=\"elementor-icon-box-wrapper\">\n\n\t\t\t\t\t\t<div class=\"elementor-icon-box-icon\">\n\t\t\t\t<span  class=\"elementor-icon\">\n\t\t\t\t<svg xmlns=\"http:\/\/www.w3.org\/2000\/svg\" height=\"24\" viewBox=\"0 -960 960 960\" width=\"24\"><path d=\"M240-200h240v-40H240v40Zm30-360h180q12 0 21-9t9-21q0-12-9-21t-21-9H270q-12 0-21 9t-9 21q0 12 9 21t21 9Zm0-100h180q12 0 21-9t9-21q0-12-9-21t-21-9H270q-12 0-21 9t-9 21q0 12 9 21t21 9Zm370 140v-80h80v-80h-80v-80h80q33 0 56.5 23.5T800-680h80q17 0 28.5 11.5T920-640q0 17-11.5 28.5T880-600h-80q0 33-23.5 56.5T720-520h-80ZM480-320h-80v-200h160v-240H240q-33 0-56.5 23.5T160-680v80q0 33 23.5 56.5T240-520h80v200h-80v-120q-66 0-113-47T80-600v-80q0-66 47-113t113-47h320q33 0 56.5 23.5T640-760v240q0 33-23.5 56.5T560-440h-80v120ZM220-120q-25 0-42.5-17.5T160-180v-80q0-25 17.5-42.5T220-320h280q25 0 42.5 17.5T560-260v80q0 25-17.5 42.5T500-120H220Zm140-520Zm120 440H240h240Z\"><\/path><\/svg>\t\t\t\t<\/span>\n\t\t\t<\/div>\n\t\t\t\n\t\t\t\t\t\t<div class=\"elementor-icon-box-content\">\n\n\t\t\t\t\t\t\t\t\t<h3 class=\"elementor-icon-box-title\">\n\t\t\t\t\t\t<span  >\n\t\t\t\t\t\t\tRestauration de Murs\t\t\t\t\t\t<\/span>\n\t\t\t\t\t<\/h3>\n\t\t\t\t\n\t\t\t\t\t\t\t\t\t<p class=\"elementor-icon-box-description\">\n\t\t\t\t\t\tQue ce soit pour des murs int\u00e9rieurs ou ext\u00e9rieurs, nos ma\u00e7ons qualifi\u00e9s peuvent restaurer la solidit\u00e9 et l'esth\u00e9tique de vos murs. Des r\u00e9parations minutieuses sont effectu\u00e9es pour garantir un r\u00e9sultat final durable et visuellement attrayant\t\t\t\t\t<\/p>\n\t\t\t\t\n\t\t\t<\/div>\n\t\t\t\n\t\t<\/div>\n\t\t\t\t\t\t<\/div>\n\t\t\t\t<\/div>\n\t\t\t\t<div class=\"elementor-element elementor-element-d9a4d95 elementor-position-inline-start elementor-view-default elementor-mobile-position-block-start elementor-widget elementor-widget-icon-box\" data-id=\"d9a4d95\" data-element_type=\"widget\" data-e-type=\"widget\" data-widget_type=\"icon-box.default\">\n\t\t\t\t<div class=\"elementor-widget-container\">\n\t\t\t\t\t\t\t<div class=\"elementor-icon-box-wrapper\">\n\n\t\t\t\t\t\t<div class=\"elementor-icon-box-icon\">\n\t\t\t\t<span  class=\"elementor-icon\">\n\t\t\t\t<svg xmlns=\"http:\/\/www.w3.org\/2000\/svg\" height=\"24\" viewBox=\"0 -960 960 960\" width=\"24\"><path d=\"M480-400ZM80-160v-400q0-33 23.5-56.5T160-640h120v-80q0-33 23.5-56.5T360-800h240q33 0 56.5 23.5T680-720v80h120q33 0 56.5 23.5T880-560v400H80Zm240-200v40h-80v-40h-80v120h640v-120h-80v40h-80v-40H320ZM160-560v120h80v-40h80v40h320v-40h80v40h80v-120H160Zm200-80h240v-80H360v80Z\"><\/path><\/svg>\t\t\t\t<\/span>\n\t\t\t<\/div>\n\t\t\t\n\t\t\t\t\t\t<div class=\"elementor-icon-box-content\">\n\n\t\t\t\t\t\t\t\t\t<h3 class=\"elementor-icon-box-title\">\n\t\t\t\t\t\t<span  >\n\t\t\t\t\t\t\tPose de Pierre ou Brique\t\t\t\t\t\t<\/span>\n\t\t\t\t\t<\/h3>\n\t\t\t\t\n\t\t\t\t\t\t\t\t\t<p class=\"elementor-icon-box-description\">\n\t\t\t\t\t\t Nos ma\u00e7ons exp\u00e9riment\u00e9s sont comp\u00e9tents dans la pose de pierres ou de briques, ajoutant une touche de caract\u00e8re \u00e0 votre propri\u00e9t\u00e9. Que ce soit pour des \u00e9l\u00e9ments d\u00e9coratifs ou des murs de sout\u00e8nement, nous assurons une installation pr\u00e9cise et esth\u00e9tique.\t\t\t\t\t<\/p>\n\t\t\t\t\n\t\t\t<\/div>\n\t\t\t\n\t\t<\/div>\n\t\t\t\t\t\t<\/div>\n\t\t\t\t<\/div>\n\t\t\t\t<\/div>\n\t\t\t\t\t<\/div>\n\t\t\t\t<\/div>\n\t\t\t\t<\/div>\n\t\t","protected":false},"excerpt":{"rendered":"<p>Petits travaux de ma\u00e7onnerie Besoin d\u2019un professionnel pour vos petits travaux de ma\u00e7onnerie ? RL Technique Toiture met \u00e0 votre [&hellip;]<\/p>\n","protected":false},"author":1,"featured_media":219,"parent":0,"menu_order":0,"comment_status":"closed","ping_status":"closed","template":"","meta":{"site-sidebar-layout":"no-sidebar","site-content-layout":"","ast-site-content-layout":"full-width-container","site-content-style":"default","site-sidebar-style":"default","ast-global-header-display":"","ast-banner-title-visibility":"","ast-main-header-display":"","ast-hfb-above-header-display":"","ast-hfb-below-header-display":"","ast-hfb-mobile-header-display":"","site-post-title":"disabled","ast-breadcrumbs-content":"","ast-featured-img":"disabled","footer-sml-layout":"","ast-disable-related-posts":"","theme-transparent-header-meta":"","adv-header-id-meta":"","stick-header-meta":"","header-above-stick-meta":"","header-main-stick-meta":"","header-below-stick-meta":"","astra-migrate-meta-layouts":"default","ast-page-background-enabled":"default","ast-page-background-meta":{"desktop":{"background-color":"var(--ast-global-color-4)","background-image":"","background-repeat":"repeat","background-position":"center center","background-size":"auto","background-attachment":"scroll","background-type":"","background-media":"","overlay-type":"","overlay-color":"","overlay-opacity":"","overlay-gradient":""},"tablet":{"background-color":"","background-image":"","background-repeat":"repeat","background-position":"center center","background-size":"auto","background-attachment":"scroll","background-type":"","background-media":"","overlay-type":"","overlay-color":"","overlay-opacity":"","overlay-gradient":""},"mobile":{"background-color":"","background-image":"","background-repeat":"repeat","background-position":"center center","background-size":"auto","background-attachment":"scroll","background-type":"","background-media":"","overlay-type":"","overlay-color":"","overlay-opacity":"","overlay-gradient":""}},"ast-content-background-meta":{"desktop":{"background-color":"var(--ast-global-color-5)","background-image":"","background-repeat":"repeat","background-position":"center center","background-size":"auto","background-attachment":"scroll","background-type":"","background-media":"","overlay-type":"","overlay-color":"","overlay-opacity":"","overlay-gradient":""},"tablet":{"background-color":"var(--ast-global-color-5)","background-image":"","background-repeat":"repeat","background-position":"center center","background-size":"auto","background-attachment":"scroll","background-type":"","background-media":"","overlay-type":"","overlay-color":"","overlay-opacity":"","overlay-gradient":""},"mobile":{"background-color":"var(--ast-global-color-5)","background-image":"","background-repeat":"repeat","background-position":"center center","background-size":"auto","background-attachment":"scroll","background-type":"","background-media":"","overlay-type":"","overlay-color":"","overlay-opacity":"","overlay-gradient":""}},"footnotes":""},"class_list":["post-343","page","type-page","status-publish","has-post-thumbnail","hentry"],"yoast_head":"<!-- This site is optimized with the Yoast SEO plugin v27.0 - https:\/\/yoast.com\/product\/yoast-seo-wordpress\/ -->\n<title>Petits travaux de ma\u00e7onnerie \u00e0 Douarnenez | RL Technique Toiture<\/title>\n<meta name=\"description\" content=\"RL Technique Toiture \u00e0 Douarnenez r\u00e9alise vos petits travaux de ma\u00e7onnerie : r\u00e9parations de fa\u00e7ade, murs, pierre et brique, finitions soign\u00e9es.\" \/>\n<meta name=\"robots\" content=\"index, follow, max-snippet:-1, max-image-preview:large, max-video-preview:-1\" \/>\n<link rel=\"canonical\" href=\"https:\/\/rl-technique-toiture.com\/index.php\/maconnerie\/\" \/>\n<meta property=\"og:locale\" content=\"fr_FR\" \/>\n<meta property=\"og:type\" content=\"article\" \/>\n<meta property=\"og:title\" content=\"Petits travaux de ma\u00e7onnerie \u00e0 Douarnenez | RL Technique Toiture\" \/>\n<meta property=\"og:description\" content=\"RL Technique Toiture \u00e0 Douarnenez r\u00e9alise vos petits travaux de ma\u00e7onnerie : r\u00e9parations de fa\u00e7ade, murs, pierre et brique, finitions soign\u00e9es.\" \/>\n<meta property=\"og:url\" content=\"https:\/\/rl-technique-toiture.com\/index.php\/maconnerie\/\" \/>\n<meta property=\"article:modified_time\" content=\"2025-11-03T15:41:13+00:00\" \/>\n<meta property=\"og:image\" content=\"https:\/\/rl-technique-toiture.com\/wp-content\/uploads\/2024\/01\/maconnerie.png\" \/>\n\t<meta property=\"og:image:width\" content=\"600\" \/>\n\t<meta property=\"og:image:height\" content=\"600\" \/>\n\t<meta property=\"og:image:type\" content=\"image\/png\" \/>\n<meta name=\"twitter:card\" content=\"summary_large_image\" \/>\n<meta name=\"twitter:label1\" content=\"Dur\u00e9e de lecture estim\u00e9e\" \/>\n\t<meta name=\"twitter:data1\" content=\"2 minutes\" \/>\n<script type=\"application\/ld+json\" class=\"yoast-schema-graph\">{\"@context\":\"https:\/\/schema.org\",\"@graph\":[{\"@type\":\"WebPage\",\"@id\":\"https:\/\/rl-technique-toiture.com\/index.php\/maconnerie\/\",\"url\":\"https:\/\/rl-technique-toiture.com\/index.php\/maconnerie\/\",\"name\":\"Petits travaux de ma\u00e7onnerie \u00e0 Douarnenez | RL Technique Toiture\",\"isPartOf\":{\"@id\":\"https:\/\/rl-technique-toiture.com\/#website\"},\"primaryImageOfPage\":{\"@id\":\"https:\/\/rl-technique-toiture.com\/index.php\/maconnerie\/#primaryimage\"},\"image\":{\"@id\":\"https:\/\/rl-technique-toiture.com\/index.php\/maconnerie\/#primaryimage\"},\"thumbnailUrl\":\"https:\/\/rl-technique-toiture.com\/wp-content\/uploads\/2024\/01\/maconnerie.png\",\"datePublished\":\"2024-01-12T19:29:54+00:00\",\"dateModified\":\"2025-11-03T15:41:13+00:00\",\"description\":\"RL Technique Toiture \u00e0 Douarnenez r\u00e9alise vos petits travaux de ma\u00e7onnerie : r\u00e9parations de fa\u00e7ade, murs, pierre et brique, finitions soign\u00e9es.\",\"breadcrumb\":{\"@id\":\"https:\/\/rl-technique-toiture.com\/index.php\/maconnerie\/#breadcrumb\"},\"inLanguage\":\"fr-FR\",\"potentialAction\":[{\"@type\":\"ReadAction\",\"target\":[\"https:\/\/rl-technique-toiture.com\/index.php\/maconnerie\/\"]}]},{\"@type\":\"ImageObject\",\"inLanguage\":\"fr-FR\",\"@id\":\"https:\/\/rl-technique-toiture.com\/index.php\/maconnerie\/#primaryimage\",\"url\":\"https:\/\/rl-technique-toiture.com\/wp-content\/uploads\/2024\/01\/maconnerie.png\",\"contentUrl\":\"https:\/\/rl-technique-toiture.com\/wp-content\/uploads\/2024\/01\/maconnerie.png\",\"width\":600,\"height\":600},{\"@type\":\"BreadcrumbList\",\"@id\":\"https:\/\/rl-technique-toiture.com\/index.php\/maconnerie\/#breadcrumb\",\"itemListElement\":[{\"@type\":\"ListItem\",\"position\":1,\"name\":\"Accueil\",\"item\":\"https:\/\/rl-technique-toiture.com\/\"},{\"@type\":\"ListItem\",\"position\":2,\"name\":\"Ma\u00e7onnerie\"}]},{\"@type\":\"WebSite\",\"@id\":\"https:\/\/rl-technique-toiture.com\/#website\",\"url\":\"https:\/\/rl-technique-toiture.com\/\",\"name\":\"RL TECHNIQUE TOITURE\",\"description\":\"\",\"publisher\":{\"@id\":\"https:\/\/rl-technique-toiture.com\/#organization\"},\"potentialAction\":[{\"@type\":\"SearchAction\",\"target\":{\"@type\":\"EntryPoint\",\"urlTemplate\":\"https:\/\/rl-technique-toiture.com\/?s={search_term_string}\"},\"query-input\":{\"@type\":\"PropertyValueSpecification\",\"valueRequired\":true,\"valueName\":\"search_term_string\"}}],\"inLanguage\":\"fr-FR\"},{\"@type\":\"Organization\",\"@id\":\"https:\/\/rl-technique-toiture.com\/#organization\",\"name\":\"RL TECHNIQUE TOITURE\",\"url\":\"https:\/\/rl-technique-toiture.com\/\",\"logo\":{\"@type\":\"ImageObject\",\"inLanguage\":\"fr-FR\",\"@id\":\"https:\/\/rl-technique-toiture.com\/#\/schema\/logo\/image\/\",\"url\":\"https:\/\/rl-technique-toiture.com\/wp-content\/uploads\/2024\/01\/cropped-Rl_Technique_Toiture_2-removebg-preview.png\",\"contentUrl\":\"https:\/\/rl-technique-toiture.com\/wp-content\/uploads\/2024\/01\/cropped-Rl_Technique_Toiture_2-removebg-preview.png\",\"width\":500,\"height\":500,\"caption\":\"RL TECHNIQUE TOITURE\"},\"image\":{\"@id\":\"https:\/\/rl-technique-toiture.com\/#\/schema\/logo\/image\/\"}}]}<\/script>\n<!-- \/ Yoast SEO plugin. -->","yoast_head_json":{"title":"Petits travaux de ma\u00e7onnerie \u00e0 Douarnenez | RL Technique Toiture","description":"RL Technique Toiture \u00e0 Douarnenez r\u00e9alise vos petits travaux de ma\u00e7onnerie : r\u00e9parations de fa\u00e7ade, murs, pierre et brique, finitions soign\u00e9es.","robots":{"index":"index","follow":"follow","max-snippet":"max-snippet:-1","max-image-preview":"max-image-preview:large","max-video-preview":"max-video-preview:-1"},"canonical":"https:\/\/rl-technique-toiture.com\/index.php\/maconnerie\/","og_locale":"fr_FR","og_type":"article","og_title":"Petits travaux de ma\u00e7onnerie \u00e0 Douarnenez | RL Technique Toiture","og_description":"RL Technique Toiture \u00e0 Douarnenez r\u00e9alise vos petits travaux de ma\u00e7onnerie : r\u00e9parations de fa\u00e7ade, murs, pierre et brique, finitions soign\u00e9es.","og_url":"https:\/\/rl-technique-toiture.com\/index.php\/maconnerie\/","article_modified_time":"2025-11-03T15:41:13+00:00","og_image":[{"width":600,"height":600,"url":"https:\/\/rl-technique-toiture.com\/wp-content\/uploads\/2024\/01\/maconnerie.png","type":"image\/png"}],"twitter_card":"summary_large_image","twitter_misc":{"Dur\u00e9e de lecture estim\u00e9e":"2 minutes"},"schema":{"@context":"https:\/\/schema.org","@graph":[{"@type":"WebPage","@id":"https:\/\/rl-technique-toiture.com\/index.php\/maconnerie\/","url":"https:\/\/rl-technique-toiture.com\/index.php\/maconnerie\/","name":"Petits travaux de ma\u00e7onnerie \u00e0 Douarnenez | RL Technique Toiture","isPartOf":{"@id":"https:\/\/rl-technique-toiture.com\/#website"},"primaryImageOfPage":{"@id":"https:\/\/rl-technique-toiture.com\/index.php\/maconnerie\/#primaryimage"},"image":{"@id":"https:\/\/rl-technique-toiture.com\/index.php\/maconnerie\/#primaryimage"},"thumbnailUrl":"https:\/\/rl-technique-toiture.com\/wp-content\/uploads\/2024\/01\/maconnerie.png","datePublished":"2024-01-12T19:29:54+00:00","dateModified":"2025-11-03T15:41:13+00:00","description":"RL Technique Toiture \u00e0 Douarnenez r\u00e9alise vos petits travaux de ma\u00e7onnerie : r\u00e9parations de fa\u00e7ade, murs, pierre et brique, finitions soign\u00e9es.","breadcrumb":{"@id":"https:\/\/rl-technique-toiture.com\/index.php\/maconnerie\/#breadcrumb"},"inLanguage":"fr-FR","potentialAction":[{"@type":"ReadAction","target":["https:\/\/rl-technique-toiture.com\/index.php\/maconnerie\/"]}]},{"@type":"ImageObject","inLanguage":"fr-FR","@id":"https:\/\/rl-technique-toiture.com\/index.php\/maconnerie\/#primaryimage","url":"https:\/\/rl-technique-toiture.com\/wp-content\/uploads\/2024\/01\/maconnerie.png","contentUrl":"https:\/\/rl-technique-toiture.com\/wp-content\/uploads\/2024\/01\/maconnerie.png","width":600,"height":600},{"@type":"BreadcrumbList","@id":"https:\/\/rl-technique-toiture.com\/index.php\/maconnerie\/#breadcrumb","itemListElement":[{"@type":"ListItem","position":1,"name":"Accueil","item":"https:\/\/rl-technique-toiture.com\/"},{"@type":"ListItem","position":2,"name":"Ma\u00e7onnerie"}]},{"@type":"WebSite","@id":"https:\/\/rl-technique-toiture.com\/#website","url":"https:\/\/rl-technique-toiture.com\/","name":"RL TECHNIQUE TOITURE","description":"","publisher":{"@id":"https:\/\/rl-technique-toiture.com\/#organization"},"potentialAction":[{"@type":"SearchAction","target":{"@type":"EntryPoint","urlTemplate":"https:\/\/rl-technique-toiture.com\/?s={search_term_string}"},"query-input":{"@type":"PropertyValueSpecification","valueRequired":true,"valueName":"search_term_string"}}],"inLanguage":"fr-FR"},{"@type":"Organization","@id":"https:\/\/rl-technique-toiture.com\/#organization","name":"RL TECHNIQUE TOITURE","url":"https:\/\/rl-technique-toiture.com\/","logo":{"@type":"ImageObject","inLanguage":"fr-FR","@id":"https:\/\/rl-technique-toiture.com\/#\/schema\/logo\/image\/","url":"https:\/\/rl-technique-toiture.com\/wp-content\/uploads\/2024\/01\/cropped-Rl_Technique_Toiture_2-removebg-preview.png","contentUrl":"https:\/\/rl-technique-toiture.com\/wp-content\/uploads\/2024\/01\/cropped-Rl_Technique_Toiture_2-removebg-preview.png","width":500,"height":500,"caption":"RL TECHNIQUE TOITURE"},"image":{"@id":"https:\/\/rl-technique-toiture.com\/#\/schema\/logo\/image\/"}}]}},"_links":{"self":[{"href":"https:\/\/rl-technique-toiture.com\/index.php\/wp-json\/wp\/v2\/pages\/343","targetHints":{"allow":["GET"]}}],"collection":[{"href":"https:\/\/rl-technique-toiture.com\/index.php\/wp-json\/wp\/v2\/pages"}],"about":[{"href":"https:\/\/rl-technique-toiture.com\/index.php\/wp-json\/wp\/v2\/types\/page"}],"author":[{"embeddable":true,"href":"https:\/\/rl-technique-toiture.com\/index.php\/wp-json\/wp\/v2\/users\/1"}],"replies":[{"embeddable":true,"href":"https:\/\/rl-technique-toiture.com\/index.php\/wp-json\/wp\/v2\/comments?post=343"}],"version-history":[{"count":10,"href":"https:\/\/rl-technique-toiture.com\/index.php\/wp-json\/wp\/v2\/pages\/343\/revisions"}],"predecessor-version":[{"id":613,"href":"https:\/\/rl-technique-toiture.com\/index.php\/wp-json\/wp\/v2\/pages\/343\/revisions\/613"}],"wp:featuredmedia":[{"embeddable":true,"href":"https:\/\/rl-technique-toiture.com\/index.php\/wp-json\/wp\/v2\/media\/219"}],"wp:attachment":[{"href":"https:\/\/rl-technique-toiture.com\/index.php\/wp-json\/wp\/v2\/media?parent=343"}],"curies":[{"name":"wp","href":"https:\/\/api.w.org\/{rel}","templated":true}]}}