{"id":339,"date":"2024-01-12T20:29:19","date_gmt":"2024-01-12T19:29:19","guid":{"rendered":"https:\/\/rl-technique-toiture.com\/?page_id=339"},"modified":"2025-11-03T16:42:02","modified_gmt":"2025-11-03T15:42:02","slug":"nettoyage","status":"publish","type":"page","link":"https:\/\/rl-technique-toiture.com\/index.php\/nettoyage\/","title":{"rendered":"Nettoyage"},"content":{"rendered":"\t\t<div data-elementor-type=\"wp-page\" data-elementor-id=\"339\" class=\"elementor elementor-339\">\n\t\t\t\t<div class=\"elementor-element elementor-element-2548d7f e-flex e-con-boxed e-con e-parent\" data-id=\"2548d7f\" data-element_type=\"container\" data-e-type=\"container\">\n\t\t\t\t\t<div class=\"e-con-inner\">\n\t\t\t\t<div class=\"elementor-element elementor-element-04f476f elementor-widget elementor-widget-heading\" data-id=\"04f476f\" data-element_type=\"widget\" data-e-type=\"widget\" data-widget_type=\"heading.default\">\n\t\t\t\t<div class=\"elementor-widget-container\">\n\t\t\t\t\t<h2 class=\"elementor-heading-title elementor-size-default\">Nettoyage pavillons<\/h2>\t\t\t\t<\/div>\n\t\t\t\t<\/div>\n\t\t\t\t<div class=\"elementor-element elementor-element-554ffae elementor-widget-divider--view-line elementor-widget elementor-widget-divider\" data-id=\"554ffae\" data-element_type=\"widget\" data-e-type=\"widget\" data-widget_type=\"divider.default\">\n\t\t\t\t<div class=\"elementor-widget-container\">\n\t\t\t\t\t\t\t<div class=\"elementor-divider\">\n\t\t\t<span class=\"elementor-divider-separator\">\n\t\t\t\t\t\t<\/span>\n\t\t<\/div>\n\t\t\t\t\t\t<\/div>\n\t\t\t\t<\/div>\n\t\t\t\t<div class=\"elementor-element elementor-element-3af08cd elementor-widget elementor-widget-text-editor\" data-id=\"3af08cd\" data-element_type=\"widget\" data-e-type=\"widget\" data-widget_type=\"text-editor.default\">\n\t\t\t\t<div class=\"elementor-widget-container\">\n\t\t\t\t\t\t\t\t\t<p>Vous cherchez une entreprise qualifi\u00e9e pour le <strong data-start=\"933\" data-end=\"999\">nettoyage et l\u2019entretien de votre toiture ou de votre pavillon<\/strong> ? RL Technique Toiture est votre partenaire de confiance.<br data-start=\"1057\" data-end=\"1060\" \/>Nous \u00e9liminons efficacement la <strong data-start=\"1091\" data-end=\"1128\">mousse, les d\u00e9bris et les salet\u00e9s<\/strong> tout en utilisant des techniques respectueuses de l\u2019environnement.<br data-start=\"1199\" data-end=\"1202\" \/>Nous intervenons \u00e0 Douarnenez, Pouldergat, Le Juch, Poullan-sur-Mer et dans <strong data-start=\"1202\" data-end=\"1299\">tout le Finist\u00e8re<\/strong>, pour redonner \u00e0 votre toiture toute sa propret\u00e9 et sa long\u00e9vit\u00e9.<\/p>\t\t\t\t\t\t\t\t<\/div>\n\t\t\t\t<\/div>\n\t\t\t\t\t<\/div>\n\t\t\t\t<\/div>\n\t\t<div class=\"elementor-element elementor-element-de1bacc e-flex e-con-boxed e-con e-parent\" data-id=\"de1bacc\" data-element_type=\"container\" data-e-type=\"container\">\n\t\t\t\t\t<div class=\"e-con-inner\">\n\t\t<div class=\"elementor-element elementor-element-94d522e e-con-full e-flex e-con e-child\" data-id=\"94d522e\" data-element_type=\"container\" data-e-type=\"container\">\n\t\t\t\t<div class=\"elementor-element elementor-element-d019bb3 elementor-widget elementor-widget-image\" data-id=\"d019bb3\" data-element_type=\"widget\" data-e-type=\"widget\" data-widget_type=\"image.default\">\n\t\t\t\t<div class=\"elementor-widget-container\">\n\t\t\t\t\t\t\t\t\t\t\t\t\t\t\t<img fetchpriority=\"high\" decoding=\"async\" width=\"600\" height=\"600\" src=\"https:\/\/rl-technique-toiture.com\/wp-content\/uploads\/2024\/01\/nettoyage-2.png\" class=\"attachment-large size-large wp-image-203\" alt=\"\" srcset=\"https:\/\/rl-technique-toiture.com\/wp-content\/uploads\/2024\/01\/nettoyage-2.png 600w, https:\/\/rl-technique-toiture.com\/wp-content\/uploads\/2024\/01\/nettoyage-2-300x300.png 300w, https:\/\/rl-technique-toiture.com\/wp-content\/uploads\/2024\/01\/nettoyage-2-150x150.png 150w\" sizes=\"(max-width: 600px) 100vw, 600px\" \/>\t\t\t\t\t\t\t\t\t\t\t\t\t\t\t<\/div>\n\t\t\t\t<\/div>\n\t\t\t\t<\/div>\n\t\t<div class=\"elementor-element elementor-element-14f570a e-con-full e-flex e-con e-child\" data-id=\"14f570a\" data-element_type=\"container\" data-e-type=\"container\">\n\t\t\t\t<div class=\"elementor-element elementor-element-99d0e82 elementor-position-inline-start elementor-view-default elementor-mobile-position-block-start elementor-widget elementor-widget-icon-box\" data-id=\"99d0e82\" data-element_type=\"widget\" data-e-type=\"widget\" data-widget_type=\"icon-box.default\">\n\t\t\t\t<div class=\"elementor-widget-container\">\n\t\t\t\t\t\t\t<div class=\"elementor-icon-box-wrapper\">\n\n\t\t\t\t\t\t<div class=\"elementor-icon-box-icon\">\n\t\t\t\t<span  class=\"elementor-icon\">\n\t\t\t\t<svg xmlns=\"http:\/\/www.w3.org\/2000\/svg\" height=\"24\" viewBox=\"0 -960 960 960\" width=\"24\"><path d=\"M440-520h80v-280q0-17-11.5-28.5T480-840q-17 0-28.5 11.5T440-800v280ZM200-360h560v-80H200v80Zm-58 240h98v-80q0-17 11.5-28.5T280-240q17 0 28.5 11.5T320-200v80h120v-80q0-17 11.5-28.5T480-240q17 0 28.5 11.5T520-200v80h120v-80q0-17 11.5-28.5T680-240q17 0 28.5 11.5T720-200v80h98l-40-160H182l-40 160Zm676 80H142q-39 0-63-31t-14-69l55-220v-80q0-33 23.5-56.5T200-520h160v-280q0-50 35-85t85-35q50 0 85 35t35 85v280h160q33 0 56.5 23.5T840-440v80l55 220q13 38-11.5 69T818-40Zm-58-400H200h560Zm-240-80h-80 80Z\"><\/path><\/svg>\t\t\t\t<\/span>\n\t\t\t<\/div>\n\t\t\t\n\t\t\t\t\t\t<div class=\"elementor-icon-box-content\">\n\n\t\t\t\t\t\t\t\t\t<h3 class=\"elementor-icon-box-title\">\n\t\t\t\t\t\t<span  >\n\t\t\t\t\t\t\t\u00c9limination des D\u00e9bris et Mousse\t\t\t\t\t\t<\/span>\n\t\t\t\t\t<\/h3>\n\t\t\t\t\n\t\t\t\t\t\t\t\t\t<p class=\"elementor-icon-box-description\">\n\t\t\t\t\t\tNotre service de nettoyage de toits cible l'\u00e9limination efficace des d\u00e9bris, feuilles, branches et de la mousse qui peuvent s'accumuler au fil du temps. Cela am\u00e9liore non seulement l'esth\u00e9tique, mais pr\u00e9vient \u00e9galement les probl\u00e8mes structurels potentiels.\t\t\t\t\t<\/p>\n\t\t\t\t\n\t\t\t<\/div>\n\t\t\t\n\t\t<\/div>\n\t\t\t\t\t\t<\/div>\n\t\t\t\t<\/div>\n\t\t\t\t<div class=\"elementor-element elementor-element-1151701 elementor-position-inline-start elementor-view-default elementor-mobile-position-block-start elementor-widget elementor-widget-icon-box\" data-id=\"1151701\" data-element_type=\"widget\" data-e-type=\"widget\" data-widget_type=\"icon-box.default\">\n\t\t\t\t<div class=\"elementor-widget-container\">\n\t\t\t\t\t\t\t<div class=\"elementor-icon-box-wrapper\">\n\n\t\t\t\t\t\t<div class=\"elementor-icon-box-icon\">\n\t\t\t\t<span  class=\"elementor-icon\">\n\t\t\t\t<svg xmlns=\"http:\/\/www.w3.org\/2000\/svg\" height=\"24\" viewBox=\"0 -960 960 960\" width=\"24\"><path d=\"M216-176q-45-45-70.5-104T120-402q0-63 24-124.5T222-642q35-35 86.5-60t122-39.5Q501-756 591.5-759t202.5 7q8 106 5 195t-16.5 160.5q-13.5 71.5-38 125T684-182q-53 53-112.5 77.5T450-80q-65 0-127-25.5T216-176Zm112-16q29 17 59.5 24.5T450-160q46 0 91-18.5t86-59.5q18-18 36.5-50.5t32-85Q709-426 716-500.5t2-177.5q-49-2-110.5-1.5T485-670q-61 9-116 29t-90 55q-45 45-62 89t-17 85q0 59 22.5 103.5T262-246q42-80 111-153.5T534-520q-72 63-125.5 142.5T328-192Zm0 0Zm0 0Z\"><\/path><\/svg>\t\t\t\t<\/span>\n\t\t\t<\/div>\n\t\t\t\n\t\t\t\t\t\t<div class=\"elementor-icon-box-content\">\n\n\t\t\t\t\t\t\t\t\t<h3 class=\"elementor-icon-box-title\">\n\t\t\t\t\t\t<span  >\n\t\t\t\t\t\t\tNettoyage Respectueux de l'Environnement\t\t\t\t\t\t<\/span>\n\t\t\t\t\t<\/h3>\n\t\t\t\t\n\t\t\t\t\t\t\t\t\t<p class=\"elementor-icon-box-description\">\n\t\t\t\t\t\tNous utilisons des m\u00e9thodes de nettoyage respectueuses de l'environnement, minimisant l'utilisation de produits chimiques agressifs. Cela garantit la s\u00e9curit\u00e9 de l'environnement tout en fournissant des r\u00e9sultats exceptionnels.\t\t\t\t\t<\/p>\n\t\t\t\t\n\t\t\t<\/div>\n\t\t\t\n\t\t<\/div>\n\t\t\t\t\t\t<\/div>\n\t\t\t\t<\/div>\n\t\t\t\t<div class=\"elementor-element elementor-element-5bec43a elementor-position-inline-start elementor-view-default elementor-mobile-position-block-start elementor-widget elementor-widget-icon-box\" data-id=\"5bec43a\" data-element_type=\"widget\" data-e-type=\"widget\" data-widget_type=\"icon-box.default\">\n\t\t\t\t<div class=\"elementor-widget-container\">\n\t\t\t\t\t\t\t<div class=\"elementor-icon-box-wrapper\">\n\n\t\t\t\t\t\t<div class=\"elementor-icon-box-icon\">\n\t\t\t\t<span  class=\"elementor-icon\">\n\t\t\t\t<svg xmlns=\"http:\/\/www.w3.org\/2000\/svg\" height=\"24\" viewBox=\"0 -960 960 960\" width=\"24\"><path d=\"M200-200h57l391-391-57-57-391 391v57Zm-80 80v-170l528-527q12-11 26.5-17t30.5-6q16 0 31 6t26 18l55 56q12 11 17.5 26t5.5 30q0 16-5.5 30.5T817-647L290-120H120Zm640-584-56-56 56 56Zm-141 85-28-29 57 57-29-28Z\"><\/path><\/svg>\t\t\t\t<\/span>\n\t\t\t<\/div>\n\t\t\t\n\t\t\t\t\t\t<div class=\"elementor-icon-box-content\">\n\n\t\t\t\t\t\t\t\t\t<h3 class=\"elementor-icon-box-title\">\n\t\t\t\t\t\t<span  >\n\t\t\t\t\t\t\tService Personnalis\u00e9\t\t\t\t\t\t<\/span>\n\t\t\t\t\t<\/h3>\n\t\t\t\t\n\t\t\t\t\t\t\t\t\t<p class=\"elementor-icon-box-description\">\n\t\t\t\t\t\tNous adaptons nos services de nettoyage en fonction des besoins sp\u00e9cifiques de votre toit et de votre pavillon. Chaque projet est trait\u00e9 avec une approche personnalis\u00e9e pour garantir la satisfaction du client.\t\t\t\t\t<\/p>\n\t\t\t\t\n\t\t\t<\/div>\n\t\t\t\n\t\t<\/div>\n\t\t\t\t\t\t<\/div>\n\t\t\t\t<\/div>\n\t\t\t\t<\/div>\n\t\t\t\t\t<\/div>\n\t\t\t\t<\/div>\n\t\t\t\t<\/div>\n\t\t","protected":false},"excerpt":{"rendered":"<p>Nettoyage pavillons Vous cherchez une entreprise qualifi\u00e9e pour le nettoyage et l\u2019entretien de votre toiture ou de votre pavillon ? [&hellip;]<\/p>\n","protected":false},"author":1,"featured_media":203,"parent":0,"menu_order":0,"comment_status":"closed","ping_status":"closed","template":"","meta":{"site-sidebar-layout":"no-sidebar","site-content-layout":"","ast-site-content-layout":"full-width-container","site-content-style":"default","site-sidebar-style":"default","ast-global-header-display":"","ast-banner-title-visibility":"","ast-main-header-display":"","ast-hfb-above-header-display":"","ast-hfb-below-header-display":"","ast-hfb-mobile-header-display":"","site-post-title":"disabled","ast-breadcrumbs-content":"","ast-featured-img":"disabled","footer-sml-layout":"","ast-disable-related-posts":"","theme-transparent-header-meta":"","adv-header-id-meta":"","stick-header-meta":"","header-above-stick-meta":"","header-main-stick-meta":"","header-below-stick-meta":"","astra-migrate-meta-layouts":"default","ast-page-background-enabled":"default","ast-page-background-meta":{"desktop":{"background-color":"var(--ast-global-color-4)","background-image":"","background-repeat":"repeat","background-position":"center center","background-size":"auto","background-attachment":"scroll","background-type":"","background-media":"","overlay-type":"","overlay-color":"","overlay-opacity":"","overlay-gradient":""},"tablet":{"background-color":"","background-image":"","background-repeat":"repeat","background-position":"center center","background-size":"auto","background-attachment":"scroll","background-type":"","background-media":"","overlay-type":"","overlay-color":"","overlay-opacity":"","overlay-gradient":""},"mobile":{"background-color":"","background-image":"","background-repeat":"repeat","background-position":"center center","background-size":"auto","background-attachment":"scroll","background-type":"","background-media":"","overlay-type":"","overlay-color":"","overlay-opacity":"","overlay-gradient":""}},"ast-content-background-meta":{"desktop":{"background-color":"var(--ast-global-color-5)","background-image":"","background-repeat":"repeat","background-position":"center center","background-size":"auto","background-attachment":"scroll","background-type":"","background-media":"","overlay-type":"","overlay-color":"","overlay-opacity":"","overlay-gradient":""},"tablet":{"background-color":"var(--ast-global-color-5)","background-image":"","background-repeat":"repeat","background-position":"center center","background-size":"auto","background-attachment":"scroll","background-type":"","background-media":"","overlay-type":"","overlay-color":"","overlay-opacity":"","overlay-gradient":""},"mobile":{"background-color":"var(--ast-global-color-5)","background-image":"","background-repeat":"repeat","background-position":"center center","background-size":"auto","background-attachment":"scroll","background-type":"","background-media":"","overlay-type":"","overlay-color":"","overlay-opacity":"","overlay-gradient":""}},"footnotes":""},"class_list":["post-339","page","type-page","status-publish","has-post-thumbnail","hentry"],"yoast_head":"<!-- This site is optimized with the Yoast SEO plugin v27.0 - https:\/\/yoast.com\/product\/yoast-seo-wordpress\/ -->\n<title>Nettoyage de toiture \u00e0 Douarnenez | D\u00e9moussage &amp; entretien<\/title>\n<meta name=\"description\" content=\"RL Technique Toiture \u00e0 Douarnenez r\u00e9alise le nettoyage et le d\u00e9moussage de toiture. M\u00e9thodes \u00e9cologiques et r\u00e9sultats durables.\" \/>\n<meta name=\"robots\" content=\"index, follow, max-snippet:-1, max-image-preview:large, max-video-preview:-1\" \/>\n<link rel=\"canonical\" href=\"https:\/\/rl-technique-toiture.com\/index.php\/nettoyage\/\" \/>\n<meta property=\"og:locale\" content=\"fr_FR\" \/>\n<meta property=\"og:type\" content=\"article\" \/>\n<meta property=\"og:title\" content=\"Nettoyage de toiture \u00e0 Douarnenez | D\u00e9moussage &amp; entretien\" \/>\n<meta property=\"og:description\" content=\"RL Technique Toiture \u00e0 Douarnenez r\u00e9alise le nettoyage et le d\u00e9moussage de toiture. M\u00e9thodes \u00e9cologiques et r\u00e9sultats durables.\" \/>\n<meta property=\"og:url\" content=\"https:\/\/rl-technique-toiture.com\/index.php\/nettoyage\/\" \/>\n<meta property=\"article:modified_time\" content=\"2025-11-03T15:42:02+00:00\" \/>\n<meta property=\"og:image\" content=\"https:\/\/rl-technique-toiture.com\/wp-content\/uploads\/2024\/01\/nettoyage-2.png\" \/>\n\t<meta property=\"og:image:width\" content=\"600\" \/>\n\t<meta property=\"og:image:height\" content=\"600\" \/>\n\t<meta property=\"og:image:type\" content=\"image\/png\" \/>\n<meta name=\"twitter:card\" content=\"summary_large_image\" \/>\n<meta name=\"twitter:label1\" content=\"Dur\u00e9e de lecture estim\u00e9e\" \/>\n\t<meta name=\"twitter:data1\" content=\"2 minutes\" \/>\n<script type=\"application\/ld+json\" class=\"yoast-schema-graph\">{\"@context\":\"https:\/\/schema.org\",\"@graph\":[{\"@type\":\"WebPage\",\"@id\":\"https:\/\/rl-technique-toiture.com\/index.php\/nettoyage\/\",\"url\":\"https:\/\/rl-technique-toiture.com\/index.php\/nettoyage\/\",\"name\":\"Nettoyage de toiture \u00e0 Douarnenez | D\u00e9moussage & entretien\",\"isPartOf\":{\"@id\":\"https:\/\/rl-technique-toiture.com\/#website\"},\"primaryImageOfPage\":{\"@id\":\"https:\/\/rl-technique-toiture.com\/index.php\/nettoyage\/#primaryimage\"},\"image\":{\"@id\":\"https:\/\/rl-technique-toiture.com\/index.php\/nettoyage\/#primaryimage\"},\"thumbnailUrl\":\"https:\/\/rl-technique-toiture.com\/wp-content\/uploads\/2024\/01\/nettoyage-2.png\",\"datePublished\":\"2024-01-12T19:29:19+00:00\",\"dateModified\":\"2025-11-03T15:42:02+00:00\",\"description\":\"RL Technique Toiture \u00e0 Douarnenez r\u00e9alise le nettoyage et le d\u00e9moussage de toiture. M\u00e9thodes \u00e9cologiques et r\u00e9sultats durables.\",\"breadcrumb\":{\"@id\":\"https:\/\/rl-technique-toiture.com\/index.php\/nettoyage\/#breadcrumb\"},\"inLanguage\":\"fr-FR\",\"potentialAction\":[{\"@type\":\"ReadAction\",\"target\":[\"https:\/\/rl-technique-toiture.com\/index.php\/nettoyage\/\"]}]},{\"@type\":\"ImageObject\",\"inLanguage\":\"fr-FR\",\"@id\":\"https:\/\/rl-technique-toiture.com\/index.php\/nettoyage\/#primaryimage\",\"url\":\"https:\/\/rl-technique-toiture.com\/wp-content\/uploads\/2024\/01\/nettoyage-2.png\",\"contentUrl\":\"https:\/\/rl-technique-toiture.com\/wp-content\/uploads\/2024\/01\/nettoyage-2.png\",\"width\":600,\"height\":600},{\"@type\":\"BreadcrumbList\",\"@id\":\"https:\/\/rl-technique-toiture.com\/index.php\/nettoyage\/#breadcrumb\",\"itemListElement\":[{\"@type\":\"ListItem\",\"position\":1,\"name\":\"Accueil\",\"item\":\"https:\/\/rl-technique-toiture.com\/\"},{\"@type\":\"ListItem\",\"position\":2,\"name\":\"Nettoyage\"}]},{\"@type\":\"WebSite\",\"@id\":\"https:\/\/rl-technique-toiture.com\/#website\",\"url\":\"https:\/\/rl-technique-toiture.com\/\",\"name\":\"RL TECHNIQUE TOITURE\",\"description\":\"\",\"publisher\":{\"@id\":\"https:\/\/rl-technique-toiture.com\/#organization\"},\"potentialAction\":[{\"@type\":\"SearchAction\",\"target\":{\"@type\":\"EntryPoint\",\"urlTemplate\":\"https:\/\/rl-technique-toiture.com\/?s={search_term_string}\"},\"query-input\":{\"@type\":\"PropertyValueSpecification\",\"valueRequired\":true,\"valueName\":\"search_term_string\"}}],\"inLanguage\":\"fr-FR\"},{\"@type\":\"Organization\",\"@id\":\"https:\/\/rl-technique-toiture.com\/#organization\",\"name\":\"RL TECHNIQUE TOITURE\",\"url\":\"https:\/\/rl-technique-toiture.com\/\",\"logo\":{\"@type\":\"ImageObject\",\"inLanguage\":\"fr-FR\",\"@id\":\"https:\/\/rl-technique-toiture.com\/#\/schema\/logo\/image\/\",\"url\":\"https:\/\/rl-technique-toiture.com\/wp-content\/uploads\/2024\/01\/cropped-Rl_Technique_Toiture_2-removebg-preview.png\",\"contentUrl\":\"https:\/\/rl-technique-toiture.com\/wp-content\/uploads\/2024\/01\/cropped-Rl_Technique_Toiture_2-removebg-preview.png\",\"width\":500,\"height\":500,\"caption\":\"RL TECHNIQUE TOITURE\"},\"image\":{\"@id\":\"https:\/\/rl-technique-toiture.com\/#\/schema\/logo\/image\/\"}}]}<\/script>\n<!-- \/ Yoast SEO plugin. -->","yoast_head_json":{"title":"Nettoyage de toiture \u00e0 Douarnenez | D\u00e9moussage & entretien","description":"RL Technique Toiture \u00e0 Douarnenez r\u00e9alise le nettoyage et le d\u00e9moussage de toiture. M\u00e9thodes \u00e9cologiques et r\u00e9sultats durables.","robots":{"index":"index","follow":"follow","max-snippet":"max-snippet:-1","max-image-preview":"max-image-preview:large","max-video-preview":"max-video-preview:-1"},"canonical":"https:\/\/rl-technique-toiture.com\/index.php\/nettoyage\/","og_locale":"fr_FR","og_type":"article","og_title":"Nettoyage de toiture \u00e0 Douarnenez | D\u00e9moussage & entretien","og_description":"RL Technique Toiture \u00e0 Douarnenez r\u00e9alise le nettoyage et le d\u00e9moussage de toiture. M\u00e9thodes \u00e9cologiques et r\u00e9sultats durables.","og_url":"https:\/\/rl-technique-toiture.com\/index.php\/nettoyage\/","article_modified_time":"2025-11-03T15:42:02+00:00","og_image":[{"width":600,"height":600,"url":"https:\/\/rl-technique-toiture.com\/wp-content\/uploads\/2024\/01\/nettoyage-2.png","type":"image\/png"}],"twitter_card":"summary_large_image","twitter_misc":{"Dur\u00e9e de lecture estim\u00e9e":"2 minutes"},"schema":{"@context":"https:\/\/schema.org","@graph":[{"@type":"WebPage","@id":"https:\/\/rl-technique-toiture.com\/index.php\/nettoyage\/","url":"https:\/\/rl-technique-toiture.com\/index.php\/nettoyage\/","name":"Nettoyage de toiture \u00e0 Douarnenez | D\u00e9moussage & entretien","isPartOf":{"@id":"https:\/\/rl-technique-toiture.com\/#website"},"primaryImageOfPage":{"@id":"https:\/\/rl-technique-toiture.com\/index.php\/nettoyage\/#primaryimage"},"image":{"@id":"https:\/\/rl-technique-toiture.com\/index.php\/nettoyage\/#primaryimage"},"thumbnailUrl":"https:\/\/rl-technique-toiture.com\/wp-content\/uploads\/2024\/01\/nettoyage-2.png","datePublished":"2024-01-12T19:29:19+00:00","dateModified":"2025-11-03T15:42:02+00:00","description":"RL Technique Toiture \u00e0 Douarnenez r\u00e9alise le nettoyage et le d\u00e9moussage de toiture. M\u00e9thodes \u00e9cologiques et r\u00e9sultats durables.","breadcrumb":{"@id":"https:\/\/rl-technique-toiture.com\/index.php\/nettoyage\/#breadcrumb"},"inLanguage":"fr-FR","potentialAction":[{"@type":"ReadAction","target":["https:\/\/rl-technique-toiture.com\/index.php\/nettoyage\/"]}]},{"@type":"ImageObject","inLanguage":"fr-FR","@id":"https:\/\/rl-technique-toiture.com\/index.php\/nettoyage\/#primaryimage","url":"https:\/\/rl-technique-toiture.com\/wp-content\/uploads\/2024\/01\/nettoyage-2.png","contentUrl":"https:\/\/rl-technique-toiture.com\/wp-content\/uploads\/2024\/01\/nettoyage-2.png","width":600,"height":600},{"@type":"BreadcrumbList","@id":"https:\/\/rl-technique-toiture.com\/index.php\/nettoyage\/#breadcrumb","itemListElement":[{"@type":"ListItem","position":1,"name":"Accueil","item":"https:\/\/rl-technique-toiture.com\/"},{"@type":"ListItem","position":2,"name":"Nettoyage"}]},{"@type":"WebSite","@id":"https:\/\/rl-technique-toiture.com\/#website","url":"https:\/\/rl-technique-toiture.com\/","name":"RL TECHNIQUE TOITURE","description":"","publisher":{"@id":"https:\/\/rl-technique-toiture.com\/#organization"},"potentialAction":[{"@type":"SearchAction","target":{"@type":"EntryPoint","urlTemplate":"https:\/\/rl-technique-toiture.com\/?s={search_term_string}"},"query-input":{"@type":"PropertyValueSpecification","valueRequired":true,"valueName":"search_term_string"}}],"inLanguage":"fr-FR"},{"@type":"Organization","@id":"https:\/\/rl-technique-toiture.com\/#organization","name":"RL TECHNIQUE TOITURE","url":"https:\/\/rl-technique-toiture.com\/","logo":{"@type":"ImageObject","inLanguage":"fr-FR","@id":"https:\/\/rl-technique-toiture.com\/#\/schema\/logo\/image\/","url":"https:\/\/rl-technique-toiture.com\/wp-content\/uploads\/2024\/01\/cropped-Rl_Technique_Toiture_2-removebg-preview.png","contentUrl":"https:\/\/rl-technique-toiture.com\/wp-content\/uploads\/2024\/01\/cropped-Rl_Technique_Toiture_2-removebg-preview.png","width":500,"height":500,"caption":"RL TECHNIQUE TOITURE"},"image":{"@id":"https:\/\/rl-technique-toiture.com\/#\/schema\/logo\/image\/"}}]}},"_links":{"self":[{"href":"https:\/\/rl-technique-toiture.com\/index.php\/wp-json\/wp\/v2\/pages\/339","targetHints":{"allow":["GET"]}}],"collection":[{"href":"https:\/\/rl-technique-toiture.com\/index.php\/wp-json\/wp\/v2\/pages"}],"about":[{"href":"https:\/\/rl-technique-toiture.com\/index.php\/wp-json\/wp\/v2\/types\/page"}],"author":[{"embeddable":true,"href":"https:\/\/rl-technique-toiture.com\/index.php\/wp-json\/wp\/v2\/users\/1"}],"replies":[{"embeddable":true,"href":"https:\/\/rl-technique-toiture.com\/index.php\/wp-json\/wp\/v2\/comments?post=339"}],"version-history":[{"count":10,"href":"https:\/\/rl-technique-toiture.com\/index.php\/wp-json\/wp\/v2\/pages\/339\/revisions"}],"predecessor-version":[{"id":606,"href":"https:\/\/rl-technique-toiture.com\/index.php\/wp-json\/wp\/v2\/pages\/339\/revisions\/606"}],"wp:featuredmedia":[{"embeddable":true,"href":"https:\/\/rl-technique-toiture.com\/index.php\/wp-json\/wp\/v2\/media\/203"}],"wp:attachment":[{"href":"https:\/\/rl-technique-toiture.com\/index.php\/wp-json\/wp\/v2\/media?parent=339"}],"curies":[{"name":"wp","href":"https:\/\/api.w.org\/{rel}","templated":true}]}}