{"id":334,"date":"2024-01-12T20:28:49","date_gmt":"2024-01-12T19:28:49","guid":{"rendered":"https:\/\/rl-technique-toiture.com\/?page_id=334"},"modified":"2025-11-03T16:29:33","modified_gmt":"2025-11-03T15:29:33","slug":"resine","status":"publish","type":"page","link":"https:\/\/rl-technique-toiture.com\/index.php\/resine\/","title":{"rendered":"R\u00e9sine"},"content":{"rendered":"\t\t<div data-elementor-type=\"wp-page\" data-elementor-id=\"334\" class=\"elementor elementor-334\">\n\t\t\t\t<div class=\"elementor-element elementor-element-bda15ae e-flex e-con-boxed e-con e-parent\" data-id=\"bda15ae\" data-element_type=\"container\" data-e-type=\"container\">\n\t\t\t\t\t<div class=\"e-con-inner\">\n\t\t\t\t<div class=\"elementor-element elementor-element-9142b12 elementor-widget elementor-widget-heading\" data-id=\"9142b12\" data-element_type=\"widget\" data-e-type=\"widget\" data-widget_type=\"heading.default\">\n\t\t\t\t<div class=\"elementor-widget-container\">\n\t\t\t\t\t<h2 class=\"elementor-heading-title elementor-size-default\">R\u00e9sine de toiture<\/h2>\t\t\t\t<\/div>\n\t\t\t\t<\/div>\n\t\t\t\t<div class=\"elementor-element elementor-element-3c99702 elementor-widget-divider--view-line elementor-widget elementor-widget-divider\" data-id=\"3c99702\" data-element_type=\"widget\" data-e-type=\"widget\" data-widget_type=\"divider.default\">\n\t\t\t\t<div class=\"elementor-widget-container\">\n\t\t\t\t\t\t\t<div class=\"elementor-divider\">\n\t\t\t<span class=\"elementor-divider-separator\">\n\t\t\t\t\t\t<\/span>\n\t\t<\/div>\n\t\t\t\t\t\t<\/div>\n\t\t\t\t<\/div>\n\t\t\t\t<div class=\"elementor-element elementor-element-2c68490 elementor-widget elementor-widget-text-editor\" data-id=\"2c68490\" data-element_type=\"widget\" data-e-type=\"widget\" data-widget_type=\"text-editor.default\">\n\t\t\t\t<div class=\"elementor-widget-container\">\n\t\t\t\t\t\t\t\t\t<p data-start=\"830\" data-end=\"1291\">Vous cherchez une solution durable pour<strong> prot\u00e9ger votre toiture<\/strong> ? RL Technique Toiture vous propose l\u2019application de <strong data-start=\"946\" data-end=\"990\">r\u00e9sines d\u2019\u00e9tanch\u00e9it\u00e9 hautes performances<\/strong>, id\u00e9ales pour pr\u00e9venir les fuites et prolonger la dur\u00e9e de vie de votre toit.<br data-start=\"1068\" data-end=\"1071\" \/>Nous intervenons \u00e0 <strong>Douarnenez<\/strong>, Pouldergat, Le Juch, Poullan-sur-Mer et dans <strong>tout le Finist\u00e8re<\/strong> pour vos travaux de r\u00e9sine de toiture, avec des produits r\u00e9sistants, \u00e9conomiques et adapt\u00e9s \u00e0 tous types de couvertures.<\/p>\t\t\t\t\t\t\t\t<\/div>\n\t\t\t\t<\/div>\n\t\t\t\t\t<\/div>\n\t\t\t\t<\/div>\n\t\t<div class=\"elementor-element elementor-element-b148dc6 e-flex e-con-boxed e-con e-parent\" data-id=\"b148dc6\" data-element_type=\"container\" data-e-type=\"container\">\n\t\t\t\t\t<div class=\"e-con-inner\">\n\t\t<div class=\"elementor-element elementor-element-4f36fc7 e-con-full e-flex e-con e-child\" data-id=\"4f36fc7\" data-element_type=\"container\" data-e-type=\"container\">\n\t\t\t\t<div class=\"elementor-element elementor-element-1f6d4fc elementor-widget elementor-widget-image\" data-id=\"1f6d4fc\" data-element_type=\"widget\" data-e-type=\"widget\" data-widget_type=\"image.default\">\n\t\t\t\t<div class=\"elementor-widget-container\">\n\t\t\t\t\t\t\t\t\t\t\t\t\t\t\t<img fetchpriority=\"high\" decoding=\"async\" width=\"600\" height=\"600\" src=\"https:\/\/rl-technique-toiture.com\/wp-content\/uploads\/2024\/01\/resine-toiture.png\" class=\"attachment-large size-large wp-image-192\" alt=\"\" srcset=\"https:\/\/rl-technique-toiture.com\/wp-content\/uploads\/2024\/01\/resine-toiture.png 600w, https:\/\/rl-technique-toiture.com\/wp-content\/uploads\/2024\/01\/resine-toiture-300x300.png 300w, https:\/\/rl-technique-toiture.com\/wp-content\/uploads\/2024\/01\/resine-toiture-150x150.png 150w\" sizes=\"(max-width: 600px) 100vw, 600px\" \/>\t\t\t\t\t\t\t\t\t\t\t\t\t\t\t<\/div>\n\t\t\t\t<\/div>\n\t\t\t\t<\/div>\n\t\t<div class=\"elementor-element elementor-element-06e28aa e-con-full e-flex e-con e-child\" data-id=\"06e28aa\" data-element_type=\"container\" data-e-type=\"container\">\n\t\t\t\t<div class=\"elementor-element elementor-element-a60fb37 elementor-position-inline-start elementor-view-default elementor-mobile-position-block-start elementor-widget elementor-widget-icon-box\" data-id=\"a60fb37\" data-element_type=\"widget\" data-e-type=\"widget\" data-widget_type=\"icon-box.default\">\n\t\t\t\t<div class=\"elementor-widget-container\">\n\t\t\t\t\t\t\t<div class=\"elementor-icon-box-wrapper\">\n\n\t\t\t\t\t\t<div class=\"elementor-icon-box-icon\">\n\t\t\t\t<span  class=\"elementor-icon\">\n\t\t\t\t<svg xmlns=\"http:\/\/www.w3.org\/2000\/svg\" height=\"24\" viewBox=\"0 -960 960 960\" width=\"24\"><path d=\"m770-304-62-60q6-17 9-34.5t3-37.5q0-47-17.5-89T650-600L480-768l-88 86-56-56 144-142 226 222q44 42 69 99.5T800-436q0 36-8 69t-22 63Zm22 248L668-180q-41 29-88 44.5T480-120q-133 0-226.5-92.5T160-436q0-51 16-98t48-90L56-792l56-56 736 736-56 56ZM480-200q36 0 68.5-10t61.5-28L280-566q-21 32-30.5 64t-9.5 66q0 98 70 167t170 69Zm-37-204Zm110-116Z\"><\/path><\/svg>\t\t\t\t<\/span>\n\t\t\t<\/div>\n\t\t\t\n\t\t\t\t\t\t<div class=\"elementor-icon-box-content\">\n\n\t\t\t\t\t\t\t\t\t<h3 class=\"elementor-icon-box-title\">\n\t\t\t\t\t\t<span  >\n\t\t\t\t\t\t\t\u00c9tanch\u00e9it\u00e9 Avanc\u00e9e\t\t\t\t\t\t<\/span>\n\t\t\t\t\t<\/h3>\n\t\t\t\t\n\t\t\t\t\t\t\t\t\t<p class=\"elementor-icon-box-description\">\n\t\t\t\t\t\tLa r\u00e9sine de toiture que nous utilisons chez RL Technique Toiture offre une \u00e9tanch\u00e9it\u00e9 sup\u00e9rieure. Elle forme une barri\u00e8re protectrice contre les infiltrations d'eau, les fuites et les d\u00e9g\u00e2ts d'eau, assurant ainsi la long\u00e9vit\u00e9 de votre toiture.\t\t\t\t\t<\/p>\n\t\t\t\t\n\t\t\t<\/div>\n\t\t\t\n\t\t<\/div>\n\t\t\t\t\t\t<\/div>\n\t\t\t\t<\/div>\n\t\t\t\t<div class=\"elementor-element elementor-element-0f86175 elementor-position-inline-start elementor-view-default elementor-mobile-position-block-start elementor-widget elementor-widget-icon-box\" data-id=\"0f86175\" data-element_type=\"widget\" data-e-type=\"widget\" data-widget_type=\"icon-box.default\">\n\t\t\t\t<div class=\"elementor-widget-container\">\n\t\t\t\t\t\t\t<div class=\"elementor-icon-box-wrapper\">\n\n\t\t\t\t\t\t<div class=\"elementor-icon-box-icon\">\n\t\t\t\t<span  class=\"elementor-icon\">\n\t\t\t\t<svg xmlns=\"http:\/\/www.w3.org\/2000\/svg\" height=\"24\" viewBox=\"0 -960 960 960\" width=\"24\"><path d=\"M40-410v-80h160v80H40Zm214-210L140-733l57-56 113 113-56 56Zm-14 420q-21 0-35.5-14.5T190-250q0-21 14.5-35.5T240-300q21 0 35.5 14.5T290-250q0 21-14.5 35.5T240-200Zm40-210v-40q0-83 58.5-141.5T480-650q83 0 141.5 58.5T680-450v40h-80v-40q0-50-35-85t-85-35q-50 0-85 35t-35 85v40h-80Zm80 370q-21 0-35.5-14.5T310-90q0-21 14.5-35.5T360-140q21 0 35.5 14.5T410-90q0 21-14.5 35.5T360-40Zm120-160q-21 0-35.5-14.5T430-250q0-21 14.5-35.5T480-300q21 0 35.5 14.5T530-250q0 21-14.5 35.5T480-200Zm-40-530v-160h80v160h-80ZM600-40q-21 0-35.5-14.5T550-90q0-21 14.5-35.5T600-140q21 0 35.5 14.5T650-90q0 21-14.5 35.5T600-40Zm106-580-57-56 114-113 56 56-113 113Zm14 420q-21 0-35.5-14.5T670-250q0-21 14.5-35.5T720-300q21 0 35.5 14.5T770-250q0 21-14.5 35.5T720-200Zm40-210v-80h160v80H760Zm-280 0Z\"><\/path><\/svg>\t\t\t\t<\/span>\n\t\t\t<\/div>\n\t\t\t\n\t\t\t\t\t\t<div class=\"elementor-icon-box-content\">\n\n\t\t\t\t\t\t\t\t\t<h3 class=\"elementor-icon-box-title\">\n\t\t\t\t\t\t<span  >\n\t\t\t\t\t\t\tR\u00e9sistance aux Intemp\u00e9ries\t\t\t\t\t\t<\/span>\n\t\t\t\t\t<\/h3>\n\t\t\t\t\n\t\t\t\t\t\t\t\t\t<p class=\"elementor-icon-box-description\">\n\t\t\t\t\t\tLa r\u00e9sine de toiture est con\u00e7ue pour r\u00e9sister aux conditions m\u00e9t\u00e9orologiques extr\u00eames. Elle prot\u00e8ge contre les rayons UV, la pluie, la neige, le vent et les variations de temp\u00e9rature, pr\u00e9servant ainsi l'int\u00e9grit\u00e9 structurelle de votre toiture.\t\t\t\t\t<\/p>\n\t\t\t\t\n\t\t\t<\/div>\n\t\t\t\n\t\t<\/div>\n\t\t\t\t\t\t<\/div>\n\t\t\t\t<\/div>\n\t\t\t\t<div class=\"elementor-element elementor-element-74314fb elementor-position-inline-start elementor-view-default elementor-mobile-position-block-start elementor-widget elementor-widget-icon-box\" data-id=\"74314fb\" data-element_type=\"widget\" data-e-type=\"widget\" data-widget_type=\"icon-box.default\">\n\t\t\t\t<div class=\"elementor-widget-container\">\n\t\t\t\t\t\t\t<div class=\"elementor-icon-box-wrapper\">\n\n\t\t\t\t\t\t<div class=\"elementor-icon-box-icon\">\n\t\t\t\t<span  class=\"elementor-icon\">\n\t\t\t\t<svg xmlns=\"http:\/\/www.w3.org\/2000\/svg\" height=\"24\" viewBox=\"0 -960 960 960\" width=\"24\"><path d=\"M574-618q-12-30-35.5-47T482-682q-18 0-35 5t-31 19l-58-58q14-14 38-25.5t44-14.5v-84h80v82q45 9 79 36.5t51 71.5l-76 32ZM792-56 608-240q-15 15-41 24.5T520-204v84h-80v-86q-56-14-93.5-51T292-350l80-32q12 42 40.5 72t75.5 30q18 0 33-4.5t29-13.5L56-792l56-56 736 736-56 56Z\"><\/path><\/svg>\t\t\t\t<\/span>\n\t\t\t<\/div>\n\t\t\t\n\t\t\t\t\t\t<div class=\"elementor-icon-box-content\">\n\n\t\t\t\t\t\t\t\t\t<h3 class=\"elementor-icon-box-title\">\n\t\t\t\t\t\t<span  >\n\t\t\t\t\t\t\tR\u00e9duction des Co\u00fbts de Maintenance \t\t\t\t\t\t<\/span>\n\t\t\t\t\t<\/h3>\n\t\t\t\t\n\t\t\t\t\t\t\t\t\t<p class=\"elementor-icon-box-description\">\n\t\t\t\t\t\tEn investissant dans un rev\u00eatement en r\u00e9sine, vous r\u00e9duisez les co\u00fbts de maintenance \u00e0 long terme. Ce rev\u00eatement n\u00e9cessite peu d'entretien et conserve ses propri\u00e9t\u00e9s protectrices pendant de nombreuses ann\u00e9es.\t\t\t\t\t<\/p>\n\t\t\t\t\n\t\t\t<\/div>\n\t\t\t\n\t\t<\/div>\n\t\t\t\t\t\t<\/div>\n\t\t\t\t<\/div>\n\t\t\t\t<\/div>\n\t\t\t\t\t<\/div>\n\t\t\t\t<\/div>\n\t\t\t\t<\/div>\n\t\t","protected":false},"excerpt":{"rendered":"<p>R\u00e9sine de toiture Vous avez besoin d&rsquo;une r\u00e9sine de toiture ? RL Technique Toiture est la solution qu&rsquo;il vous faut [&hellip;]<\/p>\n","protected":false},"author":1,"featured_media":192,"parent":0,"menu_order":0,"comment_status":"closed","ping_status":"closed","template":"","meta":{"site-sidebar-layout":"no-sidebar","site-content-layout":"","ast-site-content-layout":"full-width-container","site-content-style":"default","site-sidebar-style":"default","ast-global-header-display":"","ast-banner-title-visibility":"","ast-main-header-display":"","ast-hfb-above-header-display":"","ast-hfb-below-header-display":"","ast-hfb-mobile-header-display":"","site-post-title":"disabled","ast-breadcrumbs-content":"","ast-featured-img":"disabled","footer-sml-layout":"","ast-disable-related-posts":"","theme-transparent-header-meta":"","adv-header-id-meta":"","stick-header-meta":"","header-above-stick-meta":"","header-main-stick-meta":"","header-below-stick-meta":"","astra-migrate-meta-layouts":"default","ast-page-background-enabled":"default","ast-page-background-meta":{"desktop":{"background-color":"var(--ast-global-color-4)","background-image":"","background-repeat":"repeat","background-position":"center center","background-size":"auto","background-attachment":"scroll","background-type":"","background-media":"","overlay-type":"","overlay-color":"","overlay-opacity":"","overlay-gradient":""},"tablet":{"background-color":"","background-image":"","background-repeat":"repeat","background-position":"center center","background-size":"auto","background-attachment":"scroll","background-type":"","background-media":"","overlay-type":"","overlay-color":"","overlay-opacity":"","overlay-gradient":""},"mobile":{"background-color":"","background-image":"","background-repeat":"repeat","background-position":"center center","background-size":"auto","background-attachment":"scroll","background-type":"","background-media":"","overlay-type":"","overlay-color":"","overlay-opacity":"","overlay-gradient":""}},"ast-content-background-meta":{"desktop":{"background-color":"var(--ast-global-color-5)","background-image":"","background-repeat":"repeat","background-position":"center center","background-size":"auto","background-attachment":"scroll","background-type":"","background-media":"","overlay-type":"","overlay-color":"","overlay-opacity":"","overlay-gradient":""},"tablet":{"background-color":"var(--ast-global-color-5)","background-image":"","background-repeat":"repeat","background-position":"center center","background-size":"auto","background-attachment":"scroll","background-type":"","background-media":"","overlay-type":"","overlay-color":"","overlay-opacity":"","overlay-gradient":""},"mobile":{"background-color":"var(--ast-global-color-5)","background-image":"","background-repeat":"repeat","background-position":"center center","background-size":"auto","background-attachment":"scroll","background-type":"","background-media":"","overlay-type":"","overlay-color":"","overlay-opacity":"","overlay-gradient":""}},"footnotes":""},"class_list":["post-334","page","type-page","status-publish","has-post-thumbnail","hentry"],"yoast_head":"<!-- This site is optimized with the Yoast SEO plugin v27.0 - https:\/\/yoast.com\/product\/yoast-seo-wordpress\/ -->\n<title>R\u00e9sine de toiture \u00e0 Douarnenez | RL Technique Toiture<\/title>\n<meta name=\"description\" content=\"RL Technique Toiture \u00e0 Douarnenez applique des r\u00e9sines de toiture durables pour une \u00e9tanch\u00e9it\u00e9 parfaite et une protection longue dur\u00e9e contre les intemp\u00e9ries.\" \/>\n<meta name=\"robots\" content=\"index, follow, max-snippet:-1, max-image-preview:large, max-video-preview:-1\" \/>\n<link rel=\"canonical\" href=\"https:\/\/rl-technique-toiture.com\/index.php\/resine\/\" \/>\n<meta property=\"og:locale\" content=\"fr_FR\" \/>\n<meta property=\"og:type\" content=\"article\" \/>\n<meta property=\"og:title\" content=\"R\u00e9sine de toiture \u00e0 Douarnenez | RL Technique Toiture\" \/>\n<meta property=\"og:description\" content=\"RL Technique Toiture \u00e0 Douarnenez applique des r\u00e9sines de toiture durables pour une \u00e9tanch\u00e9it\u00e9 parfaite et une protection longue dur\u00e9e contre les intemp\u00e9ries.\" \/>\n<meta property=\"og:url\" content=\"https:\/\/rl-technique-toiture.com\/index.php\/resine\/\" \/>\n<meta property=\"article:modified_time\" content=\"2025-11-03T15:29:33+00:00\" \/>\n<meta property=\"og:image\" content=\"https:\/\/rl-technique-toiture.com\/wp-content\/uploads\/2024\/01\/resine-toiture.png\" \/>\n\t<meta property=\"og:image:width\" content=\"600\" \/>\n\t<meta property=\"og:image:height\" content=\"600\" \/>\n\t<meta property=\"og:image:type\" content=\"image\/png\" \/>\n<meta name=\"twitter:card\" content=\"summary_large_image\" \/>\n<meta name=\"twitter:label1\" content=\"Dur\u00e9e de lecture estim\u00e9e\" \/>\n\t<meta name=\"twitter:data1\" content=\"2 minutes\" \/>\n<script type=\"application\/ld+json\" class=\"yoast-schema-graph\">{\"@context\":\"https:\/\/schema.org\",\"@graph\":[{\"@type\":\"WebPage\",\"@id\":\"https:\/\/rl-technique-toiture.com\/index.php\/resine\/\",\"url\":\"https:\/\/rl-technique-toiture.com\/index.php\/resine\/\",\"name\":\"R\u00e9sine de toiture \u00e0 Douarnenez | RL Technique Toiture\",\"isPartOf\":{\"@id\":\"https:\/\/rl-technique-toiture.com\/#website\"},\"primaryImageOfPage\":{\"@id\":\"https:\/\/rl-technique-toiture.com\/index.php\/resine\/#primaryimage\"},\"image\":{\"@id\":\"https:\/\/rl-technique-toiture.com\/index.php\/resine\/#primaryimage\"},\"thumbnailUrl\":\"https:\/\/rl-technique-toiture.com\/wp-content\/uploads\/2024\/01\/resine-toiture.png\",\"datePublished\":\"2024-01-12T19:28:49+00:00\",\"dateModified\":\"2025-11-03T15:29:33+00:00\",\"description\":\"RL Technique Toiture \u00e0 Douarnenez applique des r\u00e9sines de toiture durables pour une \u00e9tanch\u00e9it\u00e9 parfaite et une protection longue dur\u00e9e contre les intemp\u00e9ries.\",\"breadcrumb\":{\"@id\":\"https:\/\/rl-technique-toiture.com\/index.php\/resine\/#breadcrumb\"},\"inLanguage\":\"fr-FR\",\"potentialAction\":[{\"@type\":\"ReadAction\",\"target\":[\"https:\/\/rl-technique-toiture.com\/index.php\/resine\/\"]}]},{\"@type\":\"ImageObject\",\"inLanguage\":\"fr-FR\",\"@id\":\"https:\/\/rl-technique-toiture.com\/index.php\/resine\/#primaryimage\",\"url\":\"https:\/\/rl-technique-toiture.com\/wp-content\/uploads\/2024\/01\/resine-toiture.png\",\"contentUrl\":\"https:\/\/rl-technique-toiture.com\/wp-content\/uploads\/2024\/01\/resine-toiture.png\",\"width\":600,\"height\":600},{\"@type\":\"BreadcrumbList\",\"@id\":\"https:\/\/rl-technique-toiture.com\/index.php\/resine\/#breadcrumb\",\"itemListElement\":[{\"@type\":\"ListItem\",\"position\":1,\"name\":\"Accueil\",\"item\":\"https:\/\/rl-technique-toiture.com\/\"},{\"@type\":\"ListItem\",\"position\":2,\"name\":\"R\u00e9sine\"}]},{\"@type\":\"WebSite\",\"@id\":\"https:\/\/rl-technique-toiture.com\/#website\",\"url\":\"https:\/\/rl-technique-toiture.com\/\",\"name\":\"RL TECHNIQUE TOITURE\",\"description\":\"\",\"publisher\":{\"@id\":\"https:\/\/rl-technique-toiture.com\/#organization\"},\"potentialAction\":[{\"@type\":\"SearchAction\",\"target\":{\"@type\":\"EntryPoint\",\"urlTemplate\":\"https:\/\/rl-technique-toiture.com\/?s={search_term_string}\"},\"query-input\":{\"@type\":\"PropertyValueSpecification\",\"valueRequired\":true,\"valueName\":\"search_term_string\"}}],\"inLanguage\":\"fr-FR\"},{\"@type\":\"Organization\",\"@id\":\"https:\/\/rl-technique-toiture.com\/#organization\",\"name\":\"RL TECHNIQUE TOITURE\",\"url\":\"https:\/\/rl-technique-toiture.com\/\",\"logo\":{\"@type\":\"ImageObject\",\"inLanguage\":\"fr-FR\",\"@id\":\"https:\/\/rl-technique-toiture.com\/#\/schema\/logo\/image\/\",\"url\":\"https:\/\/rl-technique-toiture.com\/wp-content\/uploads\/2024\/01\/cropped-Rl_Technique_Toiture_2-removebg-preview.png\",\"contentUrl\":\"https:\/\/rl-technique-toiture.com\/wp-content\/uploads\/2024\/01\/cropped-Rl_Technique_Toiture_2-removebg-preview.png\",\"width\":500,\"height\":500,\"caption\":\"RL TECHNIQUE TOITURE\"},\"image\":{\"@id\":\"https:\/\/rl-technique-toiture.com\/#\/schema\/logo\/image\/\"}}]}<\/script>\n<!-- \/ Yoast SEO plugin. -->","yoast_head_json":{"title":"R\u00e9sine de toiture \u00e0 Douarnenez | RL Technique Toiture","description":"RL Technique Toiture \u00e0 Douarnenez applique des r\u00e9sines de toiture durables pour une \u00e9tanch\u00e9it\u00e9 parfaite et une protection longue dur\u00e9e contre les intemp\u00e9ries.","robots":{"index":"index","follow":"follow","max-snippet":"max-snippet:-1","max-image-preview":"max-image-preview:large","max-video-preview":"max-video-preview:-1"},"canonical":"https:\/\/rl-technique-toiture.com\/index.php\/resine\/","og_locale":"fr_FR","og_type":"article","og_title":"R\u00e9sine de toiture \u00e0 Douarnenez | RL Technique Toiture","og_description":"RL Technique Toiture \u00e0 Douarnenez applique des r\u00e9sines de toiture durables pour une \u00e9tanch\u00e9it\u00e9 parfaite et une protection longue dur\u00e9e contre les intemp\u00e9ries.","og_url":"https:\/\/rl-technique-toiture.com\/index.php\/resine\/","article_modified_time":"2025-11-03T15:29:33+00:00","og_image":[{"width":600,"height":600,"url":"https:\/\/rl-technique-toiture.com\/wp-content\/uploads\/2024\/01\/resine-toiture.png","type":"image\/png"}],"twitter_card":"summary_large_image","twitter_misc":{"Dur\u00e9e de lecture estim\u00e9e":"2 minutes"},"schema":{"@context":"https:\/\/schema.org","@graph":[{"@type":"WebPage","@id":"https:\/\/rl-technique-toiture.com\/index.php\/resine\/","url":"https:\/\/rl-technique-toiture.com\/index.php\/resine\/","name":"R\u00e9sine de toiture \u00e0 Douarnenez | RL Technique Toiture","isPartOf":{"@id":"https:\/\/rl-technique-toiture.com\/#website"},"primaryImageOfPage":{"@id":"https:\/\/rl-technique-toiture.com\/index.php\/resine\/#primaryimage"},"image":{"@id":"https:\/\/rl-technique-toiture.com\/index.php\/resine\/#primaryimage"},"thumbnailUrl":"https:\/\/rl-technique-toiture.com\/wp-content\/uploads\/2024\/01\/resine-toiture.png","datePublished":"2024-01-12T19:28:49+00:00","dateModified":"2025-11-03T15:29:33+00:00","description":"RL Technique Toiture \u00e0 Douarnenez applique des r\u00e9sines de toiture durables pour une \u00e9tanch\u00e9it\u00e9 parfaite et une protection longue dur\u00e9e contre les intemp\u00e9ries.","breadcrumb":{"@id":"https:\/\/rl-technique-toiture.com\/index.php\/resine\/#breadcrumb"},"inLanguage":"fr-FR","potentialAction":[{"@type":"ReadAction","target":["https:\/\/rl-technique-toiture.com\/index.php\/resine\/"]}]},{"@type":"ImageObject","inLanguage":"fr-FR","@id":"https:\/\/rl-technique-toiture.com\/index.php\/resine\/#primaryimage","url":"https:\/\/rl-technique-toiture.com\/wp-content\/uploads\/2024\/01\/resine-toiture.png","contentUrl":"https:\/\/rl-technique-toiture.com\/wp-content\/uploads\/2024\/01\/resine-toiture.png","width":600,"height":600},{"@type":"BreadcrumbList","@id":"https:\/\/rl-technique-toiture.com\/index.php\/resine\/#breadcrumb","itemListElement":[{"@type":"ListItem","position":1,"name":"Accueil","item":"https:\/\/rl-technique-toiture.com\/"},{"@type":"ListItem","position":2,"name":"R\u00e9sine"}]},{"@type":"WebSite","@id":"https:\/\/rl-technique-toiture.com\/#website","url":"https:\/\/rl-technique-toiture.com\/","name":"RL TECHNIQUE TOITURE","description":"","publisher":{"@id":"https:\/\/rl-technique-toiture.com\/#organization"},"potentialAction":[{"@type":"SearchAction","target":{"@type":"EntryPoint","urlTemplate":"https:\/\/rl-technique-toiture.com\/?s={search_term_string}"},"query-input":{"@type":"PropertyValueSpecification","valueRequired":true,"valueName":"search_term_string"}}],"inLanguage":"fr-FR"},{"@type":"Organization","@id":"https:\/\/rl-technique-toiture.com\/#organization","name":"RL TECHNIQUE TOITURE","url":"https:\/\/rl-technique-toiture.com\/","logo":{"@type":"ImageObject","inLanguage":"fr-FR","@id":"https:\/\/rl-technique-toiture.com\/#\/schema\/logo\/image\/","url":"https:\/\/rl-technique-toiture.com\/wp-content\/uploads\/2024\/01\/cropped-Rl_Technique_Toiture_2-removebg-preview.png","contentUrl":"https:\/\/rl-technique-toiture.com\/wp-content\/uploads\/2024\/01\/cropped-Rl_Technique_Toiture_2-removebg-preview.png","width":500,"height":500,"caption":"RL TECHNIQUE TOITURE"},"image":{"@id":"https:\/\/rl-technique-toiture.com\/#\/schema\/logo\/image\/"}}]}},"_links":{"self":[{"href":"https:\/\/rl-technique-toiture.com\/index.php\/wp-json\/wp\/v2\/pages\/334","targetHints":{"allow":["GET"]}}],"collection":[{"href":"https:\/\/rl-technique-toiture.com\/index.php\/wp-json\/wp\/v2\/pages"}],"about":[{"href":"https:\/\/rl-technique-toiture.com\/index.php\/wp-json\/wp\/v2\/types\/page"}],"author":[{"embeddable":true,"href":"https:\/\/rl-technique-toiture.com\/index.php\/wp-json\/wp\/v2\/users\/1"}],"replies":[{"embeddable":true,"href":"https:\/\/rl-technique-toiture.com\/index.php\/wp-json\/wp\/v2\/comments?post=334"}],"version-history":[{"count":14,"href":"https:\/\/rl-technique-toiture.com\/index.php\/wp-json\/wp\/v2\/pages\/334\/revisions"}],"predecessor-version":[{"id":603,"href":"https:\/\/rl-technique-toiture.com\/index.php\/wp-json\/wp\/v2\/pages\/334\/revisions\/603"}],"wp:featuredmedia":[{"embeddable":true,"href":"https:\/\/rl-technique-toiture.com\/index.php\/wp-json\/wp\/v2\/media\/192"}],"wp:attachment":[{"href":"https:\/\/rl-technique-toiture.com\/index.php\/wp-json\/wp\/v2\/media?parent=334"}],"curies":[{"name":"wp","href":"https:\/\/api.w.org\/{rel}","templated":true}]}}