{"id":330,"date":"2024-01-12T20:28:04","date_gmt":"2024-01-12T19:28:04","guid":{"rendered":"https:\/\/rl-technique-toiture.com\/?page_id=330"},"modified":"2025-11-03T16:25:26","modified_gmt":"2025-11-03T15:25:26","slug":"couverture","status":"publish","type":"page","link":"https:\/\/rl-technique-toiture.com\/index.php\/couverture\/","title":{"rendered":"Couverture"},"content":{"rendered":"\t\t<div data-elementor-type=\"wp-page\" data-elementor-id=\"330\" class=\"elementor elementor-330\">\n\t\t\t\t<div class=\"elementor-element elementor-element-32358fa e-flex e-con-boxed e-con e-parent\" data-id=\"32358fa\" data-element_type=\"container\" data-e-type=\"container\">\n\t\t\t\t\t<div class=\"e-con-inner\">\n\t\t\t\t<div class=\"elementor-element elementor-element-7c91500 elementor-widget elementor-widget-heading\" data-id=\"7c91500\" data-element_type=\"widget\" data-e-type=\"widget\" data-widget_type=\"heading.default\">\n\t\t\t\t<div class=\"elementor-widget-container\">\n\t\t\t\t\t<h2 class=\"elementor-heading-title elementor-size-default\">Couverture \/ Charpente<\/h2>\t\t\t\t<\/div>\n\t\t\t\t<\/div>\n\t\t\t\t<div class=\"elementor-element elementor-element-207cf0d elementor-widget-divider--view-line elementor-widget elementor-widget-divider\" data-id=\"207cf0d\" data-element_type=\"widget\" data-e-type=\"widget\" data-widget_type=\"divider.default\">\n\t\t\t\t<div class=\"elementor-widget-container\">\n\t\t\t\t\t\t\t<div class=\"elementor-divider\">\n\t\t\t<span class=\"elementor-divider-separator\">\n\t\t\t\t\t\t<\/span>\n\t\t<\/div>\n\t\t\t\t\t\t<\/div>\n\t\t\t\t<\/div>\n\t\t\t\t<div class=\"elementor-element elementor-element-eb4ba96 elementor-widget elementor-widget-text-editor\" data-id=\"eb4ba96\" data-element_type=\"widget\" data-e-type=\"widget\" data-widget_type=\"text-editor.default\">\n\t\t\t\t<div class=\"elementor-widget-container\">\n\t\t\t\t\t\t\t\t\t<p data-start=\"237\" data-end=\"596\">Vous recherchez une entreprise sp\u00e9cialis\u00e9e en <strong>cr\u00e9ation ou r\u00e9novation de toiture et charpente<\/strong> \u00e0 Douarnenez ? RL Technique Toiture met son expertise \u00e0 votre service pour des r\u00e9alisations solides et durables.<br data-start=\"446\" data-end=\"449\" \/>Nous intervenons \u00e0 <strong>Douarnenez<\/strong>, Pouldergat, Le Juch, Poullan-sur-Mer et dans <strong>tout le Finist\u00e8re<\/strong> pour vos projets de couverture et de charpente.<\/p>\t\t\t\t\t\t\t\t<\/div>\n\t\t\t\t<\/div>\n\t\t\t\t\t<\/div>\n\t\t\t\t<\/div>\n\t\t<div class=\"elementor-element elementor-element-d7f75f5 e-flex e-con-boxed e-con e-parent\" data-id=\"d7f75f5\" data-element_type=\"container\" data-e-type=\"container\">\n\t\t\t\t\t<div class=\"e-con-inner\">\n\t\t<div class=\"elementor-element elementor-element-c976151 e-con-full e-flex e-con e-child\" data-id=\"c976151\" data-element_type=\"container\" data-e-type=\"container\">\n\t\t\t\t<div class=\"elementor-element elementor-element-f01a0dd elementor-widget elementor-widget-image\" data-id=\"f01a0dd\" data-element_type=\"widget\" data-e-type=\"widget\" data-widget_type=\"image.default\">\n\t\t\t\t<div class=\"elementor-widget-container\">\n\t\t\t\t\t\t\t\t\t\t\t\t\t\t\t<img fetchpriority=\"high\" decoding=\"async\" width=\"600\" height=\"600\" src=\"https:\/\/rl-technique-toiture.com\/wp-content\/uploads\/2024\/01\/couverture-22.png\" class=\"attachment-large size-large wp-image-288\" alt=\"\" srcset=\"https:\/\/rl-technique-toiture.com\/wp-content\/uploads\/2024\/01\/couverture-22.png 600w, https:\/\/rl-technique-toiture.com\/wp-content\/uploads\/2024\/01\/couverture-22-300x300.png 300w, https:\/\/rl-technique-toiture.com\/wp-content\/uploads\/2024\/01\/couverture-22-150x150.png 150w\" sizes=\"(max-width: 600px) 100vw, 600px\" \/>\t\t\t\t\t\t\t\t\t\t\t\t\t\t\t<\/div>\n\t\t\t\t<\/div>\n\t\t\t\t<\/div>\n\t\t<div class=\"elementor-element elementor-element-63f940b e-con-full e-flex e-con e-child\" data-id=\"63f940b\" data-element_type=\"container\" data-e-type=\"container\">\n\t\t\t\t<div class=\"elementor-element elementor-element-ff9380d elementor-position-inline-start elementor-view-default elementor-mobile-position-block-start elementor-widget elementor-widget-icon-box\" data-id=\"ff9380d\" data-element_type=\"widget\" data-e-type=\"widget\" data-widget_type=\"icon-box.default\">\n\t\t\t\t<div class=\"elementor-widget-container\">\n\t\t\t\t\t\t\t<div class=\"elementor-icon-box-wrapper\">\n\n\t\t\t\t\t\t<div class=\"elementor-icon-box-icon\">\n\t\t\t\t<span  class=\"elementor-icon\">\n\t\t\t\t<svg xmlns=\"http:\/\/www.w3.org\/2000\/svg\" height=\"24\" viewBox=\"0 -960 960 960\" width=\"24\"><path d=\"M200-120q-33 0-56.5-23.5T120-200v-560q0-33 23.5-56.5T200-840h168q13-36 43.5-58t68.5-22q38 0 68.5 22t43.5 58h168q33 0 56.5 23.5T840-760v560q0 33-23.5 56.5T760-120H200Zm0-80h560v-560H200v560Zm80-80h280v-80H280v80Zm0-160h400v-80H280v80Zm0-160h400v-80H280v80Zm200-190q13 0 21.5-8.5T510-820q0-13-8.5-21.5T480-850q-13 0-21.5 8.5T450-820q0 13 8.5 21.5T480-790ZM200-200v-560 560Z\"><\/path><\/svg>\t\t\t\t<\/span>\n\t\t\t<\/div>\n\t\t\t\n\t\t\t\t\t\t<div class=\"elementor-icon-box-content\">\n\n\t\t\t\t\t\t\t\t\t<h3 class=\"elementor-icon-box-title\">\n\t\t\t\t\t\t<span  >\n\t\t\t\t\t\t\tDiagnostic Pr\u00e9cis\t\t\t\t\t\t<\/span>\n\t\t\t\t\t<\/h3>\n\t\t\t\t\n\t\t\t\t\t\t\t\t\t<p class=\"elementor-icon-box-description\">\n\t\t\t\t\t\tAvant de commencer tout projet, nous effectuons un diagnostic pr\u00e9cis de l'\u00e9tat de votre couverture et de votre charpente. Cela nous permet de recommander des solutions sp\u00e9cifiques, que ce soit pour des r\u00e9parations, des renforcements structurels ou des remplacements.\t\t\t\t\t<\/p>\n\t\t\t\t\n\t\t\t<\/div>\n\t\t\t\n\t\t<\/div>\n\t\t\t\t\t\t<\/div>\n\t\t\t\t<\/div>\n\t\t\t\t<div class=\"elementor-element elementor-element-1a29e70 elementor-position-inline-start elementor-view-default elementor-mobile-position-block-start elementor-widget elementor-widget-icon-box\" data-id=\"1a29e70\" data-element_type=\"widget\" data-e-type=\"widget\" data-widget_type=\"icon-box.default\">\n\t\t\t\t<div class=\"elementor-widget-container\">\n\t\t\t\t\t\t\t<div class=\"elementor-icon-box-wrapper\">\n\n\t\t\t\t\t\t<div class=\"elementor-icon-box-icon\">\n\t\t\t\t<span  class=\"elementor-icon\">\n\t\t\t\t<svg xmlns=\"http:\/\/www.w3.org\/2000\/svg\" height=\"24\" viewBox=\"0 -960 960 960\" width=\"24\"><path d=\"M480-80q-139-35-229.5-159.5T160-516v-244l320-120 320 120v244q0 152-90.5 276.5T480-80Zm0-84q104-33 172-132t68-220v-189l-240-90-240 90v189q0 121 68 220t172 132Zm0-316Z\"><\/path><\/svg>\t\t\t\t<\/span>\n\t\t\t<\/div>\n\t\t\t\n\t\t\t\t\t\t<div class=\"elementor-icon-box-content\">\n\n\t\t\t\t\t\t\t\t\t<h3 class=\"elementor-icon-box-title\">\n\t\t\t\t\t\t<span  >\n\t\t\t\t\t\t\tCouverture Robuste\t\t\t\t\t\t<\/span>\n\t\t\t\t\t<\/h3>\n\t\t\t\t\n\t\t\t\t\t\t\t\t\t<p class=\"elementor-icon-box-description\">\n\t\t\t\t\t\tNotre entreprise, RL Technique Toiture, s'engage \u00e0 fournir des solutions de couverture de haute qualit\u00e9, offrant une protection robuste contre les intemp\u00e9ries, les infiltrations d'eau et autres \u00e9l\u00e9ments ext\u00e9rieurs. Nous utilisons des mat\u00e9riaux durables et adapt\u00e9s \u00e0 chaque projet.\t\t\t\t\t<\/p>\n\t\t\t\t\n\t\t\t<\/div>\n\t\t\t\n\t\t<\/div>\n\t\t\t\t\t\t<\/div>\n\t\t\t\t<\/div>\n\t\t\t\t<div class=\"elementor-element elementor-element-7752872 elementor-position-inline-start elementor-view-default elementor-mobile-position-block-start elementor-widget elementor-widget-icon-box\" data-id=\"7752872\" data-element_type=\"widget\" data-e-type=\"widget\" data-widget_type=\"icon-box.default\">\n\t\t\t\t<div class=\"elementor-widget-container\">\n\t\t\t\t\t\t\t<div class=\"elementor-icon-box-wrapper\">\n\n\t\t\t\t\t\t<div class=\"elementor-icon-box-icon\">\n\t\t\t\t<span  class=\"elementor-icon\">\n\t\t\t\t<svg xmlns=\"http:\/\/www.w3.org\/2000\/svg\" height=\"24\" viewBox=\"0 -960 960 960\" width=\"24\"><path d=\"M440-122q-121-15-200.5-105.5T160-440q0-66 26-126.5T260-672l57 57q-38 34-57.5 79T240-440q0 88 56 155.5T440-202v80Zm80 0v-80q87-16 143.5-83T720-440q0-100-70-170t-170-70h-3l44 44-56 56-140-140 140-140 56 56-44 44h3q134 0 227 93t93 227q0 121-79.5 211.5T520-122Z\"><\/path><\/svg>\t\t\t\t<\/span>\n\t\t\t<\/div>\n\t\t\t\n\t\t\t\t\t\t<div class=\"elementor-icon-box-content\">\n\n\t\t\t\t\t\t\t\t\t<h3 class=\"elementor-icon-box-title\">\n\t\t\t\t\t\t<span  >\n\t\t\t\t\t\t\tR\u00e9habilitation et R\u00e9novation\t\t\t\t\t\t<\/span>\n\t\t\t\t\t<\/h3>\n\t\t\t\t\n\t\t\t\t\t\t\t\t\t<p class=\"elementor-icon-box-description\">\n\t\t\t\t\t\tSi vous cherchez \u00e0 r\u00e9nover une ancienne couverture ou une charpente, notre \u00e9quipe est sp\u00e9cialis\u00e9e dans la r\u00e9habilitation respectueuse de l'architecture existante, tout en int\u00e9grant des solutions modernes pour assurer la durabilit\u00e9.\t\t\t\t\t<\/p>\n\t\t\t\t\n\t\t\t<\/div>\n\t\t\t\n\t\t<\/div>\n\t\t\t\t\t\t<\/div>\n\t\t\t\t<\/div>\n\t\t\t\t<\/div>\n\t\t\t\t\t<\/div>\n\t\t\t\t<\/div>\n\t\t\t\t<\/div>\n\t\t","protected":false},"excerpt":{"rendered":"<p>Couverture \/ Charpente Vous recherchez une entreprise sp\u00e9cialis\u00e9e en cr\u00e9ation ou r\u00e9novation de toiture et charpente \u00e0 Douarnenez ? RL [&hellip;]<\/p>\n","protected":false},"author":1,"featured_media":0,"parent":0,"menu_order":0,"comment_status":"closed","ping_status":"closed","template":"","meta":{"site-sidebar-layout":"no-sidebar","site-content-layout":"","ast-site-content-layout":"full-width-container","site-content-style":"default","site-sidebar-style":"default","ast-global-header-display":"","ast-banner-title-visibility":"","ast-main-header-display":"","ast-hfb-above-header-display":"","ast-hfb-below-header-display":"","ast-hfb-mobile-header-display":"","site-post-title":"disabled","ast-breadcrumbs-content":"","ast-featured-img":"disabled","footer-sml-layout":"","ast-disable-related-posts":"","theme-transparent-header-meta":"","adv-header-id-meta":"","stick-header-meta":"","header-above-stick-meta":"","header-main-stick-meta":"","header-below-stick-meta":"","astra-migrate-meta-layouts":"default","ast-page-background-enabled":"default","ast-page-background-meta":{"desktop":{"background-color":"var(--ast-global-color-4)","background-image":"","background-repeat":"repeat","background-position":"center center","background-size":"auto","background-attachment":"scroll","background-type":"","background-media":"","overlay-type":"","overlay-color":"","overlay-opacity":"","overlay-gradient":""},"tablet":{"background-color":"","background-image":"","background-repeat":"repeat","background-position":"center center","background-size":"auto","background-attachment":"scroll","background-type":"","background-media":"","overlay-type":"","overlay-color":"","overlay-opacity":"","overlay-gradient":""},"mobile":{"background-color":"","background-image":"","background-repeat":"repeat","background-position":"center center","background-size":"auto","background-attachment":"scroll","background-type":"","background-media":"","overlay-type":"","overlay-color":"","overlay-opacity":"","overlay-gradient":""}},"ast-content-background-meta":{"desktop":{"background-color":"var(--ast-global-color-5)","background-image":"","background-repeat":"repeat","background-position":"center center","background-size":"auto","background-attachment":"scroll","background-type":"","background-media":"","overlay-type":"","overlay-color":"","overlay-opacity":"","overlay-gradient":""},"tablet":{"background-color":"var(--ast-global-color-5)","background-image":"","background-repeat":"repeat","background-position":"center center","background-size":"auto","background-attachment":"scroll","background-type":"","background-media":"","overlay-type":"","overlay-color":"","overlay-opacity":"","overlay-gradient":""},"mobile":{"background-color":"var(--ast-global-color-5)","background-image":"","background-repeat":"repeat","background-position":"center center","background-size":"auto","background-attachment":"scroll","background-type":"","background-media":"","overlay-type":"","overlay-color":"","overlay-opacity":"","overlay-gradient":""}},"footnotes":""},"class_list":["post-330","page","type-page","status-publish","hentry"],"yoast_head":"<!-- This site is optimized with the Yoast SEO plugin v27.0 - https:\/\/yoast.com\/product\/yoast-seo-wordpress\/ -->\n<title>Couverture &amp; Charpente \u00e0 Douarnenez | RL Technique Toiture<\/title>\n<meta name=\"description\" content=\"RL Technique Toiture \u00e0 Douarnenez : cr\u00e9ation, r\u00e9novation et r\u00e9paration de charpente et toiture. Diagnostic pr\u00e9cis et mat\u00e9riaux durables.\" \/>\n<meta name=\"robots\" content=\"index, follow, max-snippet:-1, max-image-preview:large, max-video-preview:-1\" \/>\n<link rel=\"canonical\" href=\"https:\/\/rl-technique-toiture.com\/index.php\/couverture\/\" \/>\n<meta property=\"og:locale\" content=\"fr_FR\" \/>\n<meta property=\"og:type\" content=\"article\" \/>\n<meta property=\"og:title\" content=\"Couverture &amp; Charpente \u00e0 Douarnenez | RL Technique Toiture\" \/>\n<meta property=\"og:description\" content=\"RL Technique Toiture \u00e0 Douarnenez : cr\u00e9ation, r\u00e9novation et r\u00e9paration de charpente et toiture. Diagnostic pr\u00e9cis et mat\u00e9riaux durables.\" \/>\n<meta property=\"og:url\" content=\"https:\/\/rl-technique-toiture.com\/index.php\/couverture\/\" \/>\n<meta property=\"article:modified_time\" content=\"2025-11-03T15:25:26+00:00\" \/>\n<meta property=\"og:image\" content=\"https:\/\/rl-technique-toiture.com\/wp-content\/uploads\/2024\/01\/couverture-22.png\" \/>\n\t<meta property=\"og:image:width\" content=\"600\" \/>\n\t<meta property=\"og:image:height\" content=\"600\" \/>\n\t<meta property=\"og:image:type\" content=\"image\/png\" \/>\n<meta name=\"twitter:card\" content=\"summary_large_image\" \/>\n<meta name=\"twitter:label1\" content=\"Dur\u00e9e de lecture estim\u00e9e\" \/>\n\t<meta name=\"twitter:data1\" content=\"1 minute\" \/>\n<script type=\"application\/ld+json\" class=\"yoast-schema-graph\">{\"@context\":\"https:\/\/schema.org\",\"@graph\":[{\"@type\":\"WebPage\",\"@id\":\"https:\/\/rl-technique-toiture.com\/index.php\/couverture\/\",\"url\":\"https:\/\/rl-technique-toiture.com\/index.php\/couverture\/\",\"name\":\"Couverture & Charpente \u00e0 Douarnenez | RL Technique Toiture\",\"isPartOf\":{\"@id\":\"https:\/\/rl-technique-toiture.com\/#website\"},\"primaryImageOfPage\":{\"@id\":\"https:\/\/rl-technique-toiture.com\/index.php\/couverture\/#primaryimage\"},\"image\":{\"@id\":\"https:\/\/rl-technique-toiture.com\/index.php\/couverture\/#primaryimage\"},\"thumbnailUrl\":\"https:\/\/rl-technique-toiture.com\/wp-content\/uploads\/2024\/01\/couverture-22.png\",\"datePublished\":\"2024-01-12T19:28:04+00:00\",\"dateModified\":\"2025-11-03T15:25:26+00:00\",\"description\":\"RL Technique Toiture \u00e0 Douarnenez : cr\u00e9ation, r\u00e9novation et r\u00e9paration de charpente et toiture. Diagnostic pr\u00e9cis et mat\u00e9riaux durables.\",\"breadcrumb\":{\"@id\":\"https:\/\/rl-technique-toiture.com\/index.php\/couverture\/#breadcrumb\"},\"inLanguage\":\"fr-FR\",\"potentialAction\":[{\"@type\":\"ReadAction\",\"target\":[\"https:\/\/rl-technique-toiture.com\/index.php\/couverture\/\"]}]},{\"@type\":\"ImageObject\",\"inLanguage\":\"fr-FR\",\"@id\":\"https:\/\/rl-technique-toiture.com\/index.php\/couverture\/#primaryimage\",\"url\":\"https:\/\/rl-technique-toiture.com\/wp-content\/uploads\/2024\/01\/couverture-22.png\",\"contentUrl\":\"https:\/\/rl-technique-toiture.com\/wp-content\/uploads\/2024\/01\/couverture-22.png\",\"width\":600,\"height\":600},{\"@type\":\"BreadcrumbList\",\"@id\":\"https:\/\/rl-technique-toiture.com\/index.php\/couverture\/#breadcrumb\",\"itemListElement\":[{\"@type\":\"ListItem\",\"position\":1,\"name\":\"Accueil\",\"item\":\"https:\/\/rl-technique-toiture.com\/\"},{\"@type\":\"ListItem\",\"position\":2,\"name\":\"Couverture\"}]},{\"@type\":\"WebSite\",\"@id\":\"https:\/\/rl-technique-toiture.com\/#website\",\"url\":\"https:\/\/rl-technique-toiture.com\/\",\"name\":\"RL TECHNIQUE TOITURE\",\"description\":\"\",\"publisher\":{\"@id\":\"https:\/\/rl-technique-toiture.com\/#organization\"},\"potentialAction\":[{\"@type\":\"SearchAction\",\"target\":{\"@type\":\"EntryPoint\",\"urlTemplate\":\"https:\/\/rl-technique-toiture.com\/?s={search_term_string}\"},\"query-input\":{\"@type\":\"PropertyValueSpecification\",\"valueRequired\":true,\"valueName\":\"search_term_string\"}}],\"inLanguage\":\"fr-FR\"},{\"@type\":\"Organization\",\"@id\":\"https:\/\/rl-technique-toiture.com\/#organization\",\"name\":\"RL TECHNIQUE TOITURE\",\"url\":\"https:\/\/rl-technique-toiture.com\/\",\"logo\":{\"@type\":\"ImageObject\",\"inLanguage\":\"fr-FR\",\"@id\":\"https:\/\/rl-technique-toiture.com\/#\/schema\/logo\/image\/\",\"url\":\"https:\/\/rl-technique-toiture.com\/wp-content\/uploads\/2024\/01\/cropped-Rl_Technique_Toiture_2-removebg-preview.png\",\"contentUrl\":\"https:\/\/rl-technique-toiture.com\/wp-content\/uploads\/2024\/01\/cropped-Rl_Technique_Toiture_2-removebg-preview.png\",\"width\":500,\"height\":500,\"caption\":\"RL TECHNIQUE TOITURE\"},\"image\":{\"@id\":\"https:\/\/rl-technique-toiture.com\/#\/schema\/logo\/image\/\"}}]}<\/script>\n<!-- \/ Yoast SEO plugin. -->","yoast_head_json":{"title":"Couverture & Charpente \u00e0 Douarnenez | RL Technique Toiture","description":"RL Technique Toiture \u00e0 Douarnenez : cr\u00e9ation, r\u00e9novation et r\u00e9paration de charpente et toiture. Diagnostic pr\u00e9cis et mat\u00e9riaux durables.","robots":{"index":"index","follow":"follow","max-snippet":"max-snippet:-1","max-image-preview":"max-image-preview:large","max-video-preview":"max-video-preview:-1"},"canonical":"https:\/\/rl-technique-toiture.com\/index.php\/couverture\/","og_locale":"fr_FR","og_type":"article","og_title":"Couverture & Charpente \u00e0 Douarnenez | RL Technique Toiture","og_description":"RL Technique Toiture \u00e0 Douarnenez : cr\u00e9ation, r\u00e9novation et r\u00e9paration de charpente et toiture. Diagnostic pr\u00e9cis et mat\u00e9riaux durables.","og_url":"https:\/\/rl-technique-toiture.com\/index.php\/couverture\/","article_modified_time":"2025-11-03T15:25:26+00:00","og_image":[{"width":600,"height":600,"url":"https:\/\/rl-technique-toiture.com\/wp-content\/uploads\/2024\/01\/couverture-22.png","type":"image\/png"}],"twitter_card":"summary_large_image","twitter_misc":{"Dur\u00e9e de lecture estim\u00e9e":"1 minute"},"schema":{"@context":"https:\/\/schema.org","@graph":[{"@type":"WebPage","@id":"https:\/\/rl-technique-toiture.com\/index.php\/couverture\/","url":"https:\/\/rl-technique-toiture.com\/index.php\/couverture\/","name":"Couverture & Charpente \u00e0 Douarnenez | RL Technique Toiture","isPartOf":{"@id":"https:\/\/rl-technique-toiture.com\/#website"},"primaryImageOfPage":{"@id":"https:\/\/rl-technique-toiture.com\/index.php\/couverture\/#primaryimage"},"image":{"@id":"https:\/\/rl-technique-toiture.com\/index.php\/couverture\/#primaryimage"},"thumbnailUrl":"https:\/\/rl-technique-toiture.com\/wp-content\/uploads\/2024\/01\/couverture-22.png","datePublished":"2024-01-12T19:28:04+00:00","dateModified":"2025-11-03T15:25:26+00:00","description":"RL Technique Toiture \u00e0 Douarnenez : cr\u00e9ation, r\u00e9novation et r\u00e9paration de charpente et toiture. Diagnostic pr\u00e9cis et mat\u00e9riaux durables.","breadcrumb":{"@id":"https:\/\/rl-technique-toiture.com\/index.php\/couverture\/#breadcrumb"},"inLanguage":"fr-FR","potentialAction":[{"@type":"ReadAction","target":["https:\/\/rl-technique-toiture.com\/index.php\/couverture\/"]}]},{"@type":"ImageObject","inLanguage":"fr-FR","@id":"https:\/\/rl-technique-toiture.com\/index.php\/couverture\/#primaryimage","url":"https:\/\/rl-technique-toiture.com\/wp-content\/uploads\/2024\/01\/couverture-22.png","contentUrl":"https:\/\/rl-technique-toiture.com\/wp-content\/uploads\/2024\/01\/couverture-22.png","width":600,"height":600},{"@type":"BreadcrumbList","@id":"https:\/\/rl-technique-toiture.com\/index.php\/couverture\/#breadcrumb","itemListElement":[{"@type":"ListItem","position":1,"name":"Accueil","item":"https:\/\/rl-technique-toiture.com\/"},{"@type":"ListItem","position":2,"name":"Couverture"}]},{"@type":"WebSite","@id":"https:\/\/rl-technique-toiture.com\/#website","url":"https:\/\/rl-technique-toiture.com\/","name":"RL TECHNIQUE TOITURE","description":"","publisher":{"@id":"https:\/\/rl-technique-toiture.com\/#organization"},"potentialAction":[{"@type":"SearchAction","target":{"@type":"EntryPoint","urlTemplate":"https:\/\/rl-technique-toiture.com\/?s={search_term_string}"},"query-input":{"@type":"PropertyValueSpecification","valueRequired":true,"valueName":"search_term_string"}}],"inLanguage":"fr-FR"},{"@type":"Organization","@id":"https:\/\/rl-technique-toiture.com\/#organization","name":"RL TECHNIQUE TOITURE","url":"https:\/\/rl-technique-toiture.com\/","logo":{"@type":"ImageObject","inLanguage":"fr-FR","@id":"https:\/\/rl-technique-toiture.com\/#\/schema\/logo\/image\/","url":"https:\/\/rl-technique-toiture.com\/wp-content\/uploads\/2024\/01\/cropped-Rl_Technique_Toiture_2-removebg-preview.png","contentUrl":"https:\/\/rl-technique-toiture.com\/wp-content\/uploads\/2024\/01\/cropped-Rl_Technique_Toiture_2-removebg-preview.png","width":500,"height":500,"caption":"RL TECHNIQUE TOITURE"},"image":{"@id":"https:\/\/rl-technique-toiture.com\/#\/schema\/logo\/image\/"}}]}},"_links":{"self":[{"href":"https:\/\/rl-technique-toiture.com\/index.php\/wp-json\/wp\/v2\/pages\/330","targetHints":{"allow":["GET"]}}],"collection":[{"href":"https:\/\/rl-technique-toiture.com\/index.php\/wp-json\/wp\/v2\/pages"}],"about":[{"href":"https:\/\/rl-technique-toiture.com\/index.php\/wp-json\/wp\/v2\/types\/page"}],"author":[{"embeddable":true,"href":"https:\/\/rl-technique-toiture.com\/index.php\/wp-json\/wp\/v2\/users\/1"}],"replies":[{"embeddable":true,"href":"https:\/\/rl-technique-toiture.com\/index.php\/wp-json\/wp\/v2\/comments?post=330"}],"version-history":[{"count":13,"href":"https:\/\/rl-technique-toiture.com\/index.php\/wp-json\/wp\/v2\/pages\/330\/revisions"}],"predecessor-version":[{"id":595,"href":"https:\/\/rl-technique-toiture.com\/index.php\/wp-json\/wp\/v2\/pages\/330\/revisions\/595"}],"wp:attachment":[{"href":"https:\/\/rl-technique-toiture.com\/index.php\/wp-json\/wp\/v2\/media?parent=330"}],"curies":[{"name":"wp","href":"https:\/\/api.w.org\/{rel}","templated":true}]}}